{"id":2533,"date":"2024-05-20T15:31:00","date_gmt":"2024-05-20T15:31:00","guid":{"rendered":"https:\/\/guerrerosgalapagar.org\/campamento\/?page_id=2533"},"modified":"2026-04-21T11:07:58","modified_gmt":"2026-04-21T11:07:58","slug":"mas-informacion","status":"publish","type":"page","link":"https:\/\/guerrerosgalapagar.org\/campamento\/mas-informacion\/","title":{"rendered":"Dudas frecuentes"},"content":{"rendered":"<div id=\"pl-2533\"  class=\"panel-layout\" ><div id=\"pg-2533-0\"  class=\"panel-grid panel-has-style\" ><div class=\"siteorigin-panels-stretch panel-row-style panel-row-style-for-2533-0\" style=\"padding: 100px 0; \" data-stretch-type=\"full-width-stretch\" data-overlay=\"true\" data-overlay-color=\"#000000\" ><div id=\"pgc-2533-0-0\"  class=\"panel-grid-cell\" ><div id=\"panel-2533-0-0-0\" class=\"so-panel widget widget_sow-hero panel-first-child panel-last-child\" data-index=\"0\" ><div style=\"text-align: left;\" data-title-color=\"#443f3f\" data-headings-color=\"#443f3f\" class=\"panel-widget-style panel-widget-style-for-2533-0-0-0\" ><div\n\t\t\t\n\t\t\tclass=\"so-widget-sow-hero so-widget-sow-hero-default-5cb6b8b3fe35-2533 so-widget-fittext-wrapper\"\n\t\t\t data-fit-text-compressor=\"0.85\"\n\t\t>\t\t\t\t<div class=\"sow-slider-base\" style=\"display: none\" tabindex=\"0\">\n\t\t\t\t\t<ul\n\t\t\t\t\tclass=\"sow-slider-images\"\n\t\t\t\t\tdata-settings=\"{&quot;pagination&quot;:true,&quot;speed&quot;:800,&quot;timeout&quot;:8000,&quot;paused&quot;:false,&quot;pause_on_hover&quot;:false,&quot;swipe&quot;:true,&quot;nav_always_show_desktop&quot;:&quot;&quot;,&quot;nav_always_show_mobile&quot;:&quot;&quot;,&quot;breakpoint&quot;:&quot;780px&quot;,&quot;unmute&quot;:false,&quot;anchor&quot;:null}\"\n\t\t\t\t\t\t\t\t\t\tdata-anchor-id=\"\"\n\t\t\t\t>\t\t<li class=\"sow-slider-image  sow-slider-image-cover\" style=\"visibility: visible;;background-color: #333333\" >\n\t\t\t\t\t<div class=\"sow-slider-image-container\">\n\t\t\t<div class=\"sow-slider-image-wrapper\">\n\t\t\t\t<h1 style=\"text-align: center\"><span style=\"color: #ffffff\"><strong>DUDAS FRECUENTES<\/strong><\/span><\/h1>\n<p style=\"text-align: center\">Estamos para ayudarte<\/p>\n\t\t\t<\/div>\n\t\t<\/div>\n\t\t<div class=\"sow-slider-image-overlay sow-slider-image-cover\" style=\"opacity: 0.3;background-image: url(https:\/\/guerrerosgalapagar.org\/campamento\/wp-content\/uploads\/2025\/05\/2151582205.jpg)\"  ><\/div>\t\t<\/li>\n\t\t<\/ul>\t\t\t\t<ol class=\"sow-slider-pagination\">\n\t\t\t\t\t\t\t\t\t\t\t<li><a href=\"#\" data-goto=\"0\" aria-label=\"mostrar diapositiva 1\"><\/a><\/li>\n\t\t\t\t\t\t\t\t\t<\/ol>\n\n\t\t\t\t<div class=\"sow-slide-nav sow-slide-nav-next\">\n\t\t\t\t\t<a href=\"#\" data-goto=\"next\" aria-label=\"diapositiva siguiente\" data-action=\"next\">\n\t\t\t\t\t\t<em class=\"sow-sld-icon-thin-right\"><\/em>\n\t\t\t\t\t<\/a>\n\t\t\t\t<\/div>\n\n\t\t\t\t<div class=\"sow-slide-nav sow-slide-nav-prev\">\n\t\t\t\t\t<a href=\"#\" data-goto=\"previous\" aria-label=\"diapositiva anterior\" data-action=\"prev\">\n\t\t\t\t\t\t<em class=\"sow-sld-icon-thin-left\"><\/em>\n\t\t\t\t\t<\/a>\n\t\t\t\t<\/div>\n\t\t\t\t<\/div><\/div><\/div><\/div><\/div><\/div><\/div><div id=\"pg-2533-1\"  class=\"panel-grid panel-has-style\" ><div class=\"siteorigin-panels-stretch panel-row-style panel-row-style-for-2533-1\" style=\"padding: 100px 0; \" data-stretch-type=\"full-width-stretch\" data-overlay=\"true\" data-overlay-color=\"#000000\" ><div id=\"pgc-2533-1-0\"  class=\"panel-grid-cell\" ><div id=\"panel-2533-1-0-0\" class=\"so-panel widget widget_sow-editor panel-first-child\" data-index=\"1\" ><div style=\"text-align: left;\" data-title-color=\"#443f3f\" data-headings-color=\"#443f3f\" class=\"panel-widget-style panel-widget-style-for-2533-1-0-0\" ><div\n\t\t\t\n\t\t\tclass=\"so-widget-sow-editor so-widget-sow-editor-base\"\n\t\t\t\n\t\t>\n<div class=\"siteorigin-widget-tinymce textwidget\">\n\t<blockquote>\n<h2 style=\"text-align: center;\"><span style=\"color: #9dd622;\"><strong>HORARIOS<\/strong><\/span><\/h2>\n<\/blockquote>\n<p style=\"text-align: center;\">El horario de actividades es de 09:00 a 14:00h<\/p>\n<p style=\"text-align: center;\">El horario de acogida es de 08:00 a 09:00h (Incluido en el precio)<\/p>\n<p style=\"text-align: center;\">El horario de comedor es de 14:00 a 16:30h<\/p>\n<\/div>\n<\/div><\/div><\/div><div id=\"panel-2533-1-0-1\" class=\"so-panel widget widget_sow-editor\" data-index=\"2\" ><div style=\"text-align: left;\" data-title-color=\"#443f3f\" data-headings-color=\"#443f3f\" class=\"panel-widget-style panel-widget-style-for-2533-1-0-1\" ><div\n\t\t\t\n\t\t\tclass=\"so-widget-sow-editor so-widget-sow-editor-base\"\n\t\t\t\n\t\t>\n<div class=\"siteorigin-widget-tinymce textwidget\">\n\t<blockquote>\n<h2 style=\"text-align: center;\"><span style=\"color: #9dd622;\"><strong>SERVICIO DE COMEDOR<\/strong><\/span><\/h2>\n<\/blockquote>\n<p style=\"text-align: center;\">El horario de comidas se realizar\u00e1 en el comedor del CEIP Jacinto Benavente<\/p>\n<p style=\"text-align: center;\">Estar\u00e1 supervisado con nuestros monitores.<\/p>\n<p style=\"text-align: center;\">Los monitores presentes en el comedor tendr\u00e1n el titulo de manipulador de alimentos<\/p>\n<p style=\"text-align: center;\">El protocolo de comedor ser\u00e1 validado por el Ayto de Galapagar y la concejal\u00eda de sanidad<\/p>\n<p style=\"text-align: center;\">Dispondremos de nevera y microondas para mantener los alimentos y calentarlos posteriormente.<\/p>\n<p style=\"text-align: center;\">Al apuntaros os mandaremos un PDF con toda la informaci\u00f3n y recomendaciones.<\/p>\n<\/div>\n<\/div><\/div><\/div><div id=\"panel-2533-1-0-2\" class=\"so-panel widget widget_sow-editor\" data-index=\"3\" ><div style=\"text-align: left;\" data-title-color=\"#443f3f\" data-headings-color=\"#443f3f\" class=\"panel-widget-style panel-widget-style-for-2533-1-0-2\" ><div\n\t\t\t\n\t\t\tclass=\"so-widget-sow-editor so-widget-sow-editor-base\"\n\t\t\t\n\t\t>\n<div class=\"siteorigin-widget-tinymce textwidget\">\n\t<blockquote>\n<h2 style=\"text-align: center;\"><span style=\"color: #9dd622;\"><strong>DEFENSA PERSONAL<\/strong><\/span><\/h2>\n<\/blockquote>\n<p style=\"text-align: center;\">No es necesario tener conocimientos en defensa personal ni artes marciales.<\/p>\n<p style=\"text-align: center;\">La defensa personal es 1 hora al d\u00eda, por lo qu\u00e9 no es una tecnificaci\u00f3n de defensa personal ni de artes marciales.<\/p>\n<p style=\"text-align: center;\">En defensa personal ense\u00f1amos el proceso de desescalada en una agresi\u00f3n desde los insultos, hasta el contacto f\u00edsico.<\/p>\n<p style=\"text-align: center;\">Buscamos que sea lo m\u00e1s \u00fatil posible<\/p>\n<p style=\"text-align: center;\">Las sesiones son adaptadas a la edad y contexto de nuestros participantes.<\/p>\n<h4 style=\"text-align: center;\"><\/h4>\n<\/div>\n<\/div><\/div><\/div><div id=\"panel-2533-1-0-3\" class=\"so-panel widget widget_sow-editor\" data-index=\"4\" ><div style=\"text-align: left;\" data-title-color=\"#443f3f\" data-headings-color=\"#443f3f\" class=\"panel-widget-style panel-widget-style-for-2533-1-0-3\" ><div\n\t\t\t\n\t\t\tclass=\"so-widget-sow-editor so-widget-sow-editor-base\"\n\t\t\t\n\t\t>\n<div class=\"siteorigin-widget-tinymce textwidget\">\n\t<blockquote>\n<h2 style=\"text-align: center;\"><span style=\"color: #9dd622;\">ACTIVIDADES DE AGUA<\/span><\/h2>\n<\/blockquote>\n<p style=\"text-align: center;\">Los viernes se realizar\u00e1n en el polideportivo.<\/p>\n<p style=\"text-align: center;\">Los martes iremos a la piscina municipal de Galapagar (situada frente a Polic\u00eda local)<\/p>\n<p style=\"text-align: center;\">En la piscina, podremos usar los dos vasos, nuestro equipo de monitores siempre esta pendiente de los peques pero en especial el d\u00eda de piscina de los m\u00e1s peques<\/p>\n<p style=\"text-align: center;\">Varios de nuestros monitores tienen formaci\u00f3n en primeros auxilios y salvamento acu\u00e1tico<\/p>\n<p style=\"text-align: center;\">Adem\u00e1s de contar con el socorrista de la piscina<\/p>\n<\/div>\n<\/div><\/div><\/div><div id=\"panel-2533-1-0-4\" class=\"so-panel widget widget_sow-editor panel-last-child\" data-index=\"5\" ><div style=\"text-align: left;\" data-title-color=\"#443f3f\" data-headings-color=\"#443f3f\" class=\"panel-widget-style panel-widget-style-for-2533-1-0-4\" ><div\n\t\t\t\n\t\t\tclass=\"so-widget-sow-editor so-widget-sow-editor-base\"\n\t\t\t\n\t\t>\n<div class=\"siteorigin-widget-tinymce textwidget\">\n\t<blockquote>\n<h2 style=\"text-align: center;\"><span style=\"color: #9dd622;\"><strong>GRUPOS Y EDADES<\/strong><\/span><\/h2>\n<\/blockquote>\n<p style=\"text-align: center;\">Trabajamos con edades comprendidas entres lo 4 y los 13 a\u00f1os.<\/p>\n<p style=\"text-align: center;\">Normalmente los participantes estar\u00e1n divididos por grupos de edad.<\/p>\n<p style=\"text-align: center;\">En algunas ocasiones realizar\u00e1n actividades los grupos juntos.<\/p>\n<p>&nbsp;<\/p>\n<h3 style=\"text-align: center;\"><strong>Al realizar la inscripci\u00f3n os enviaremos un PDF con toda la informaci\u00f3n detallada, <\/strong><\/h3>\n<h3 style=\"text-align: center;\"><strong>pod\u00e9is dirigiros a nuestro contacto habitual para resolver dudas.<\/strong><\/h3>\n<\/div>\n<\/div><\/div><\/div><\/div><\/div><\/div><\/div>","protected":false},"excerpt":{"rendered":"<p>HORARIOS El horario de actividades es de 09:00 a 14:00h El horario de acogida es de 08:00 a 09:00h (Incluido en el [&hellip;]<\/p>\n","protected":false},"author":5,"featured_media":0,"parent":0,"menu_order":0,"comment_status":"closed","ping_status":"closed","template":"","meta":{"_joinchat":[],"footnotes":""},"class_list":["post-2533","page","type-page","status-publish","hentry"],"_links":{"self":[{"href":"https:\/\/guerrerosgalapagar.org\/campamento\/wp-json\/wp\/v2\/pages\/2533","targetHints":{"allow":["GET"]}}],"collection":[{"href":"https:\/\/guerrerosgalapagar.org\/campamento\/wp-json\/wp\/v2\/pages"}],"about":[{"href":"https:\/\/guerrerosgalapagar.org\/campamento\/wp-json\/wp\/v2\/types\/page"}],"author":[{"embeddable":true,"href":"https:\/\/guerrerosgalapagar.org\/campamento\/wp-json\/wp\/v2\/users\/5"}],"replies":[{"embeddable":true,"href":"https:\/\/guerrerosgalapagar.org\/campamento\/wp-json\/wp\/v2\/comments?post=2533"}],"version-history":[{"count":27,"href":"https:\/\/guerrerosgalapagar.org\/campamento\/wp-json\/wp\/v2\/pages\/2533\/revisions"}],"predecessor-version":[{"id":3276,"href":"https:\/\/guerrerosgalapagar.org\/campamento\/wp-json\/wp\/v2\/pages\/2533\/revisions\/3276"}],"wp:attachment":[{"href":"https:\/\/guerrerosgalapagar.org\/campamento\/wp-json\/wp\/v2\/media?parent=2533"}],"curies":[{"name":"wp","href":"https:\/\/api.w.org\/{rel}","templated":true}]}}