{"id":2501,"date":"2024-05-15T09:57:28","date_gmt":"2024-05-15T09:57:28","guid":{"rendered":"https:\/\/guerrerosgalapagar.org\/campamento\/?page_id=2501"},"modified":"2026-04-21T09:59:54","modified_gmt":"2026-04-21T09:59:54","slug":"sobre-nosotros","status":"publish","type":"page","link":"https:\/\/guerrerosgalapagar.org\/campamento\/sobre-nosotros\/","title":{"rendered":"Sobre nosotros"},"content":{"rendered":"<p>&nbsp;<\/p>\n<blockquote style=\"background-color: #E2F2D5; border-left: 5px solid #8BC34A; padding: 20px;\">\n<p class=\"\" data-start=\"50\" data-end=\"459\">En Guerreros, llevamos 12 a\u00f1os organizando nuestro campamento de verano especializado en defensa personal, \u00fanico en la Comunidad de Madrid. Nos enfocamos en prevenir y abordar el acoso escolar, ense\u00f1ando a los ni\u00f1os t\u00e9cnicas no lesivas y habilidades de contenci\u00f3n verbal, proporcionando a los m\u00e1s peque\u00f1os las herramientas necesarias para enfrentar y resolver los conflictos que puedan surgir en su d\u00eda a d\u00eda.<\/p>\n<p class=\"\" data-start=\"461\" data-end=\"664\">Adem\u00e1s, nos aseguramos de que se diviertan y aprendan a trav\u00e9s de actividades multideportivas, en contacto con la naturaleza, que promueven el trabajo en equipo y fomentan el desarrollo de la autoestima.<\/p>\n<p class=\"\" data-start=\"666\" data-end=\"1098\">En Guerreros Galapagar, contamos con un equipo de profesionales altamente cualificados en defensa personal, actividades de tiempo libre, deportes y artes marciales espec\u00edficas, bajo la supervisi\u00f3n de un pedagogo. Nuestro proyecto educativo va m\u00e1s all\u00e1 de la diversi\u00f3n, integrando un enfoque en valores que se refuerzan a trav\u00e9s de las actividades diarias, asegurando una experiencia completa tanto en lo f\u00edsico como en lo emocional.<\/p>\n<p data-start=\"666\" data-end=\"1098\">\n<\/blockquote>\n","protected":false},"excerpt":{"rendered":"<p>&nbsp; En Guerreros, llevamos 12 a\u00f1os organizando nuestro campamento de verano especializado en defensa personal, \u00fanico en la Comunidad de Madrid. Nos [&hellip;]<\/p>\n","protected":false},"author":5,"featured_media":0,"parent":0,"menu_order":0,"comment_status":"closed","ping_status":"closed","template":"","meta":{"_joinchat":[],"footnotes":""},"class_list":["post-2501","page","type-page","status-publish","hentry"],"_links":{"self":[{"href":"https:\/\/guerrerosgalapagar.org\/campamento\/wp-json\/wp\/v2\/pages\/2501","targetHints":{"allow":["GET"]}}],"collection":[{"href":"https:\/\/guerrerosgalapagar.org\/campamento\/wp-json\/wp\/v2\/pages"}],"about":[{"href":"https:\/\/guerrerosgalapagar.org\/campamento\/wp-json\/wp\/v2\/types\/page"}],"author":[{"embeddable":true,"href":"https:\/\/guerrerosgalapagar.org\/campamento\/wp-json\/wp\/v2\/users\/5"}],"replies":[{"embeddable":true,"href":"https:\/\/guerrerosgalapagar.org\/campamento\/wp-json\/wp\/v2\/comments?post=2501"}],"version-history":[{"count":5,"href":"https:\/\/guerrerosgalapagar.org\/campamento\/wp-json\/wp\/v2\/pages\/2501\/revisions"}],"predecessor-version":[{"id":2522,"href":"https:\/\/guerrerosgalapagar.org\/campamento\/wp-json\/wp\/v2\/pages\/2501\/revisions\/2522"}],"wp:attachment":[{"href":"https:\/\/guerrerosgalapagar.org\/campamento\/wp-json\/wp\/v2\/media?parent=2501"}],"curies":[{"name":"wp","href":"https:\/\/api.w.org\/{rel}","templated":true}]}}