{"id":6939,"date":"2025-07-04T09:14:07","date_gmt":"2025-07-04T07:14:07","guid":{"rendered":"https:\/\/guerrerosgalapagar.org\/artes-marciales\/?page_id=6939"},"modified":"2025-07-04T14:37:00","modified_gmt":"2025-07-04T12:37:00","slug":"baja","status":"publish","type":"page","link":"https:\/\/guerrerosgalapagar.org\/artes-marciales\/baja\/","title":{"rendered":"BAJA"},"content":{"rendered":"<div id=\"pl-6939\" class=\"panel-layout\">\n<div id=\"pg-6939-0\" class=\"panel-grid panel-has-style\" data-style=\"{&quot;background_image_size&quot;:&quot;full&quot;,&quot;background_image_opacity&quot;:&quot;100&quot;,&quot;border_thickness&quot;:&quot;1px&quot;,&quot;full_height&quot;:&quot;&quot;,&quot;cell_alignment&quot;:&quot;flex-start&quot;,&quot;align&quot;:&quot;&quot;,&quot;background_image&quot;:false,&quot;overlay&quot;:&quot;&quot;,&quot;overlay_color&quot;:&quot;#000000&quot;}\">\n<div class=\"panel-row-style panel-row-style-for-6939-0\" style=\"padding: 100px 0;\" data-overlay=\"true\" data-overlay-color=\"#000000\">\n<div id=\"pgc-6939-0-0\" class=\"panel-grid-cell\" data-weight=\"1\">\n<div id=\"panel-6939-0-0-0\" class=\"so-panel widget widget_black-studio-tinymce widget_black_studio_tinymce panel-first-child\" data-index=\"0\" data-style=\"{&quot;background_image_attachment&quot;:false,&quot;background_display&quot;:&quot;tile&quot;,&quot;background_image_size&quot;:&quot;full&quot;,&quot;background_image_opacity&quot;:&quot;100&quot;,&quot;border_thickness&quot;:&quot;1px&quot;,&quot;content_alignment&quot;:&quot;left&quot;,&quot;title_color&quot;:&quot;#443f3f&quot;,&quot;headings_color&quot;:&quot;#443f3f&quot;}\">\n<div class=\"panel-widget-style panel-widget-style-for-6939-0-0-0\" style=\"text-align: left;\" data-title-color=\"#443f3f\" data-headings-color=\"#443f3f\">\n<h3 class=\"widget-title\"><span style=\"font-weight: revert;\">\u00bfEst\u00e1is seguros? Lee esto por favor<\/span><\/h3>\n<div class=\"textwidget\">\n<p data-start=\"332\" data-end=\"350\"><strong>Querido alumno\/a y familia,<\/strong><\/p>\n<p data-start=\"352\" data-end=\"584\">Sabemos que tomar la decisi\u00f3n de continuar o no con una actividad como las artes marciales puede estar condicionada por el tiempo, el cansancio o incluso el rendimiento escolar. Pero queremos compartir con vosotros algo fundamental:<\/p>\n<p data-start=\"586\" data-end=\"761\"><strong data-start=\"586\" data-end=\"743\">Diversos estudios han demostrado que los menores que practican artes marciales mejoran su rendimiento acad\u00e9mico, su concentraci\u00f3n y su autocontrol.<\/strong> No es casualidad:<\/p>\n<p data-start=\"763\" data-end=\"783\">&#x1f4da; <strong data-start=\"766\" data-end=\"783\">\u00bfSab\u00edas que\u2026?<\/strong><\/p>\n<ul data-start=\"785\" data-end=\"1477\">\n<li data-start=\"785\" data-end=\"1006\">\n<p data-start=\"787\" data-end=\"1006\">Un estudio publicado en <em data-start=\"811\" data-end=\"845\">Psychology of Sport and Exercise<\/em> (2010) revel\u00f3 que los ni\u00f1os que practican artes marciales regularmente presentan mejoras significativas en <strong data-start=\"953\" data-end=\"1005\">atenci\u00f3n, memoria de trabajo y control emocional<\/strong>.<\/p>\n<\/li>\n<li data-start=\"1007\" data-end=\"1289\">\n<p data-start=\"1009\" data-end=\"1289\">La pr\u00e1ctica constante de estas disciplinas se ha asociado con <strong data-start=\"1103\" data-end=\"1132\">mayor rendimiento escolar<\/strong>, especialmente en ni\u00f1os con dificultades de concentraci\u00f3n o impulsividad (seg\u00fan investigaciones de la Universidad de Regensburg y la Universidad de Kansas).<\/p>\n<\/li>\n<li data-start=\"1290\" data-end=\"1477\">\n<p data-start=\"1292\" data-end=\"1477\">Las artes marciales ayudan a <strong data-start=\"1321\" data-end=\"1345\">canalizar la energ\u00eda<\/strong>, reducir el estr\u00e9s y fomentar h\u00e1bitos como la <strong data-start=\"1392\" data-end=\"1427\">disciplina y la responsabilidad<\/strong>, lo que se refleja en su actitud dentro del aula.<\/p>\n<\/li>\n<\/ul>\n<p data-start=\"1479\" data-end=\"1732\">En Guerreros Galapagar no solo entrenamos el cuerpo: entrenamos la mente, el car\u00e1cter y el coraz\u00f3n. Los valores que aprenden aqu\u00ed \u2014esfuerzo, respeto, autocontrol, perseverancia\u2014 <strong data-start=\"1666\" data-end=\"1731\">son los mismos que necesitan para estudiar, convivir y crecer<\/strong>.<\/p>\n<ul>\n<li data-start=\"1734\" data-end=\"2087\">Cuando un alumno aprende a no rendirse ante un ejercicio dif\u00edcil, aprende tambi\u00e9n a no rendirse ante un examen.<\/li>\n<li data-start=\"1734\" data-end=\"2087\">Cuando entiende que cada cintur\u00f3n requiere trabajo, tambi\u00e9n comprende que las metas no se regalan, se conquistan.<\/li>\n<li data-start=\"1734\" data-end=\"2087\">Cuando se siente parte de un grupo que lo apoya, su autoestima crece\u2026 y con ella, su capacidad para creer en s\u00ed mismo.<\/li>\n<\/ul>\n<p data-start=\"2089\" data-end=\"2265\">Por eso, antes de dejarlo, <strong>pensad que puede que est\u00e9is cortando algo m\u00e1s que una actividad:<\/strong> puede que est\u00e9is apagando un proceso de crecimiento que reci\u00e9n empieza a dar frutos.<\/p>\n<p data-start=\"2267\" data-end=\"2336\">Gracias por confiar en nosotros.<br data-start=\"2299\" data-end=\"2302\" \/>Seguimos caminando a vuestro lado<\/p>\n<\/div>\n<\/div>\n<\/div>\n<div id=\"panel-6939-0-0-1\" class=\"so-panel widget widget_black-studio-tinymce widget_black_studio_tinymce\" data-index=\"1\" data-style=\"{&quot;background_image_attachment&quot;:false,&quot;background_display&quot;:&quot;tile&quot;,&quot;background_image_size&quot;:&quot;full&quot;,&quot;background_image_opacity&quot;:&quot;100&quot;,&quot;border_thickness&quot;:&quot;1px&quot;,&quot;content_alignment&quot;:&quot;left&quot;,&quot;title_color&quot;:&quot;#443f3f&quot;,&quot;headings_color&quot;:&quot;#443f3f&quot;}\">\n<div class=\"panel-widget-style panel-widget-style-for-6939-0-0-1\" style=\"text-align: left;\" data-title-color=\"#443f3f\" data-headings-color=\"#443f3f\">\n<h3 class=\"widget-title\">Normativa para bajas<\/h3>\n<div class=\"textwidget\">\n<ul>\n<li data-start=\"234\" data-end=\"330\">Las bajas deber\u00e1n ser tramitadas en el siguiente formulario <strong>15 d\u00edas antes<\/strong> de terminar el mes, en caso contrario se tramitar\u00e1 para el mes siguiente.<\/li>\n<li data-start=\"234\" data-end=\"330\">El \u00fanico sistema para dar bajas es el presente formulario.<\/li>\n<li data-start=\"234\" data-end=\"330\">Una vez enviado el formulario os llegar\u00e1 un mail autom\u00e1tico confirmado la baja.<\/li>\n<\/ul>\n<p data-start=\"2267\" data-end=\"2336\">\n<\/div>\n<\/div>\n<\/div>\n<div id=\"panel-6939-0-0-2\" class=\"so-panel widget widget_black-studio-tinymce widget_black_studio_tinymce panel-last-child\" data-index=\"2\" data-style=\"{&quot;background_image_attachment&quot;:false,&quot;background_display&quot;:&quot;tile&quot;,&quot;background_image_size&quot;:&quot;full&quot;,&quot;background_image_opacity&quot;:&quot;100&quot;,&quot;border_thickness&quot;:&quot;1px&quot;,&quot;content_alignment&quot;:&quot;left&quot;,&quot;title_color&quot;:&quot;#443f3f&quot;,&quot;headings_color&quot;:&quot;#443f3f&quot;}\">\n<div class=\"panel-widget-style panel-widget-style-for-6939-0-0-2\" style=\"text-align: left;\" data-title-color=\"#443f3f\" data-headings-color=\"#443f3f\">\n<div class=\"textwidget\">\n<div class=\"wpcf7 no-js\" id=\"wpcf7-f6940-o1\" lang=\"es-ES\" dir=\"ltr\" data-wpcf7-id=\"6940\">\n<div class=\"screen-reader-response\"><p role=\"status\" aria-live=\"polite\" aria-atomic=\"true\"><\/p> <ul><\/ul><\/div>\n<form action=\"\/artes-marciales\/wp-json\/wp\/v2\/pages\/6939#wpcf7-f6940-o1\" method=\"post\" class=\"wpcf7-form init\" aria-label=\"Formulario de contacto\" novalidate=\"novalidate\" data-status=\"init\">\n<fieldset class=\"hidden-fields-container\"><input type=\"hidden\" name=\"_wpcf7\" value=\"6940\" \/><input type=\"hidden\" name=\"_wpcf7_version\" value=\"6.1.5\" \/><input type=\"hidden\" name=\"_wpcf7_locale\" value=\"es_ES\" \/><input type=\"hidden\" name=\"_wpcf7_unit_tag\" value=\"wpcf7-f6940-o1\" \/><input type=\"hidden\" name=\"_wpcf7_container_post\" value=\"0\" \/><input type=\"hidden\" name=\"_wpcf7_posted_data_hash\" value=\"\" \/><input type=\"hidden\" name=\"_wpcf7_recaptcha_response\" value=\"\" \/>\n<\/fieldset>\n<p><label> Nombre Deportista y apellidos o numero de socio (requerido)<br \/>\n<span class=\"wpcf7-form-control-wrap\" data-name=\"your-name\"><input size=\"40\" maxlength=\"400\" class=\"wpcf7-form-control wpcf7-text wpcf7-validates-as-required\" aria-required=\"true\" aria-invalid=\"false\" value=\"\" type=\"text\" name=\"your-name\" \/><\/span> <\/label>\n<\/p>\n<p><label> Motivo de Baja<br \/>\n<span class=\"wpcf7-form-control-wrap\" data-name=\"motivo-baja\"><textarea cols=\"40\" rows=\"10\" maxlength=\"2000\" class=\"wpcf7-form-control wpcf7-textarea\" aria-invalid=\"false\" placeholder=\"Escribe aqu\u00ed el motivo de tu baja...\" name=\"motivo-baja\"><\/textarea><\/span><br \/>\n<\/label>\n<\/p>\n<p><label> Correo electr\u00f3nico (requerido)<br \/>\n<span class=\"wpcf7-form-control-wrap\" data-name=\"your-email\"><input size=\"40\" maxlength=\"400\" class=\"wpcf7-form-control wpcf7-email wpcf7-validates-as-required wpcf7-text wpcf7-validates-as-email\" aria-required=\"true\" aria-invalid=\"false\" value=\"\" type=\"email\" name=\"your-email\" \/><\/span> <\/label>\n<\/p>\n<p><input class=\"wpcf7-form-control wpcf7-submit has-spinner\" type=\"submit\" value=\"Enviar\" \/>\n<\/p><p style=\"display: none !important;\" class=\"akismet-fields-container\" data-prefix=\"_wpcf7_ak_\"><label>&#916;<textarea name=\"_wpcf7_ak_hp_textarea\" cols=\"45\" rows=\"8\" maxlength=\"100\"><\/textarea><\/label><input type=\"hidden\" id=\"ak_js_1\" name=\"_wpcf7_ak_js\" value=\"61\"\/><script>document.getElementById( \"ak_js_1\" ).setAttribute( \"value\", ( new Date() ).getTime() );<\/script><\/p><div class=\"wpcf7-response-output\" aria-hidden=\"true\"><\/div>\n<\/form>\n<\/div>\n<\/div>\n<\/div>\n<\/div>\n<\/div>\n<\/div>\n<\/div>\n<\/div>\n","protected":false},"excerpt":{"rendered":"<p>\u00bfEst\u00e1is seguros? Lee esto por favor Querido alumno\/a y familia, Sabemos que tomar la decisi\u00f3n de continuar o no con una actividad [&hellip;]<\/p>\n","protected":false},"author":3,"featured_media":0,"parent":0,"menu_order":0,"comment_status":"closed","ping_status":"closed","template":"","meta":{"footnotes":""},"class_list":["post-6939","page","type-page","status-publish","hentry"],"_links":{"self":[{"href":"https:\/\/guerrerosgalapagar.org\/artes-marciales\/wp-json\/wp\/v2\/pages\/6939","targetHints":{"allow":["GET"]}}],"collection":[{"href":"https:\/\/guerrerosgalapagar.org\/artes-marciales\/wp-json\/wp\/v2\/pages"}],"about":[{"href":"https:\/\/guerrerosgalapagar.org\/artes-marciales\/wp-json\/wp\/v2\/types\/page"}],"author":[{"embeddable":true,"href":"https:\/\/guerrerosgalapagar.org\/artes-marciales\/wp-json\/wp\/v2\/users\/3"}],"replies":[{"embeddable":true,"href":"https:\/\/guerrerosgalapagar.org\/artes-marciales\/wp-json\/wp\/v2\/comments?post=6939"}],"version-history":[{"count":2,"href":"https:\/\/guerrerosgalapagar.org\/artes-marciales\/wp-json\/wp\/v2\/pages\/6939\/revisions"}],"predecessor-version":[{"id":6959,"href":"https:\/\/guerrerosgalapagar.org\/artes-marciales\/wp-json\/wp\/v2\/pages\/6939\/revisions\/6959"}],"wp:attachment":[{"href":"https:\/\/guerrerosgalapagar.org\/artes-marciales\/wp-json\/wp\/v2\/media?parent=6939"}],"curies":[{"name":"wp","href":"https:\/\/api.w.org\/{rel}","templated":true}]}}