{"id":6342,"date":"2024-07-17T07:36:18","date_gmt":"2024-07-17T07:36:18","guid":{"rendered":"https:\/\/guerrerosgalapagar.org\/artes-marciales\/?page_id=6342"},"modified":"2026-03-06T19:38:37","modified_gmt":"2026-03-06T18:38:37","slug":"etiqueta-y-codigo-de-conducta-en-el-dojo-2","status":"publish","type":"page","link":"https:\/\/guerrerosgalapagar.org\/artes-marciales\/etiqueta-y-codigo-de-conducta-en-el-dojo-2\/","title":{"rendered":"ETIQUETA Y C\u00d3DIGO DE CONDUCTA EN EL DOJO"},"content":{"rendered":"<p>El siguiente documento se redacta en base a las decisiones tomadas por la junta directiva del club y los profesores en reuni\u00f3n a fecha siete de julio de 2024.<\/p>\n<p>El objetivo del presente documento y de la reuni\u00f3n es trasladar los valores propios de las artes marciales a nuestros estudiantes. Se hace hincapi\u00e9 en el respeto y el compromiso de los mismos para con sus maestros y la escuela, siendo sin estos inconcebible el correcto aprendizaje de las artes marciales. En casos concretos, el maestro valorar\u00e1.<\/p>\n<h1>Vestimenta y etiqueta<\/h1>\n<p>En este apartado aludiremos a la vestimenta, etiqueta, as\u00ed como ordenaci\u00f3n de los materiales propios de los alumnos en la sala.<\/p>\n<h2>Ordenaci\u00f3n<\/h2>\n<ul>\n<li>Los zapatos y mochilas peque\u00f1as ser\u00e1n colocados en casilleros antes de entrar al tatami.<\/li>\n<li>Los abrigos o chaquetas que no entren en los casilleros ser\u00e1n colgados en las perchas dispuestas para tal prop\u00f3sito.<\/li>\n<li>En caso de traer mochilas con protecciones o de gran volumen ser\u00e1n dejadas en los bancos.<\/li>\n<\/ul>\n<h2>Vestimenta<\/h2>\n<ul>\n<li>El alumnado no podr\u00e1 tener calcetines dentro del tatami, excepto por casu\u00edsticas especiales.<\/li>\n<li>Todos los alumnos deber\u00e1n traer el traje y cintur\u00f3n todos los d\u00edas a clase, en caso contario se proceder\u00e1 de la siguiente forma:\n<ul>\n<li>1\u00ba vez sin traje. Aviso verbal<\/li>\n<li>2\u00ba vez sin traje. Aviso verbal<\/li>\n<li>3\u00ba vez sin traje. Aviso verbal<\/li>\n<li>4\u00ba vez sin traje. Aviso por escrito<\/li>\n<li>5\u00ba vez sin traje. Aviso verbal<\/li>\n<li>6\u00ba vez sin traje y sucesivas, no podr\u00e1 acceder al entrenamiento.<\/li>\n<\/ul>\n<\/li>\n<li>Los alumnos de nueva incorporaci\u00f3n tendr\u00e1n un periodo de 30 d\u00edas naturales desde la fecha de inscripci\u00f3n para contar con la uniformidad.<\/li>\n<li>Para la temporada 2024 \/ 2025, los alumnos que quieran participar en competici\u00f3n deber\u00e1n disponer del traje del club y portarlo en las mismas.<\/li>\n<li>Desde la temporada 2025 \/ 2026, ser\u00e1 obligatorio el traje del club para todos los alumnos.<\/li>\n<li>Los alumnos de Martial Kids tambi\u00e9n tendr\u00e1n obligatoriedad de portar la camiseta de la actividad.<\/li>\n<li>Adem\u00e1s, se recomienda a todos los alumnos cambiarse el traje en las instalaciones del polideportivo, por motivos de higiene, evitando traer residuos del exterior dentro del tatami.<\/li>\n<\/ul>\n<h1>Puntualidad y asistencia<\/h1>\n<p>En las artes marciales es clave la puntualidad y la asistencia, dado que refuerza el respeto hacia la actividad, el maestro y los compa\u00f1eros<\/p>\n<h2>Puntualidad<\/h2>\n<ul>\n<li>Margen aceptable: inferior a 5 minutos. (ya que todos podemos tener casu\u00edsticas)<\/li>\n<li>De 5 a 10 minutos: el maestro impondr\u00e1 una sanci\u00f3n al alumno dentro de la clase, como pueda ser esperar en seiza \/ murup sogui o un entrenamiento f\u00edsico especial.<\/li>\n<li>Si el alumno llega pasados los 10 minutos, se impondr\u00e1 la misma sanci\u00f3n que antes y adem\u00e1s contar\u00e1 como una falta de asistencia a clase (que ser\u00e1n sancionables para el examen de cintur\u00f3n).<\/li>\n<\/ul>\n<h2>Asistencia<\/h2>\n<ul>\n<li>El alumno deber\u00e1 asistir al menos al 80% de las clases del curso para poder presentarse al examen de cintur\u00f3n.<\/li>\n<\/ul>\n<table width=\"612\">\n<tbody>\n<tr>\n<td width=\"102\"><strong>Clase<\/strong><\/td>\n<td width=\"236\"><strong>Clases totales<\/strong><\/td>\n<td width=\"274\"><strong>Clases a las que se puede faltar<\/strong><\/td>\n<\/tr>\n<tr>\n<td width=\"102\"><strong>Karate <\/strong><\/td>\n<td width=\"236\"><strong>67 h<\/strong><\/td>\n<td width=\"274\"><strong>14 h<\/strong><\/td>\n<\/tr>\n<tr>\n<td width=\"102\"><strong>Judo <\/strong><\/td>\n<td width=\"236\"><strong>67 h<\/strong><\/td>\n<td width=\"274\"><strong>14 h<\/strong><\/td>\n<\/tr>\n<tr>\n<td width=\"102\"><strong>Hapkido <\/strong><\/td>\n<td width=\"236\"><strong>70 h<\/strong><\/td>\n<td width=\"274\"><strong>14 h<\/strong><\/td>\n<\/tr>\n<tr>\n<td width=\"102\"><strong>Taekwondo <\/strong><\/td>\n<td width=\"236\"><strong>70 h<\/strong><\/td>\n<td width=\"274\"><strong>14 h<\/strong><\/td>\n<\/tr>\n<\/tbody>\n<\/table>\n<ul>\n<li>Una vez superadas las 14 horas de faltas no justificadas, el alumno perder\u00e1 el derecho de examen.<\/li>\n<li>Adem\u00e1s, faltar durante 4 sesiones seguidas implicar\u00e1 la perdida de derecho a examen.<\/li>\n<li>De igual modo, se podr\u00e1n sumar horas o recuperar horas participando en eventos extraordinarios teniendo la siguiente baremaci\u00f3n:\n<ul>\n<li>Seminarios a raz\u00f3n de 1h por cada hora de seminario.<\/li>\n<li>Competiciones: 2 horas<\/li>\n<li>Exhibiciones: 1 hora<\/li>\n<\/ul>\n<\/li>\n<li>Las nuevas altas podr\u00e1s presentarse a examen hasta amarillo siempre y cuando su inscripci\u00f3n sea antes de febrero. En el caso del resto de cinturones o inscripciones tras febrero, no podr\u00e1 hacer el examen de paso de grado.<\/li>\n<\/ul>\n<h1>Competici\u00f3n<\/h1>\n<p>Cuando vamos a una competici\u00f3n, estamos llevando el nombre del club fuera de nuestro dojo y creemos que es de vital importancia mostrar compromiso en estas<\/p>\n<ul>\n<li>Portar el traje del club en buenas condiciones.<\/li>\n<li>En caso de competici\u00f3n de combate, ser\u00e1 obligatorio participar m\u00ednimo en 1 seminario de combate durante al trimestre.<\/li>\n<li>Adem\u00e1s, para poder acceder a la competici\u00f3n, se deber\u00e1 mantener una asistencia por encima del 80% en el presente trimestre.<\/li>\n<li>En caso de apuntarse a una competici\u00f3n, exhibici\u00f3n, curso o seminario y no acudir a la misma sin haber avisado con 48 horas de antelaci\u00f3n, se impondr\u00e1 una sanci\u00f3n de 3 competiciones o eventos.<\/li>\n<li>En caso de presentar mal comportamiento, conducta antideportiva, valores no alineados con los propios de las artes marciales se valorar\u00e1 una sanci\u00f3n de competici\u00f3n que oscilar\u00e1 entre los 6 meses y 2 a\u00f1os fuera del circuito de competici\u00f3n.<\/li>\n<\/ul>\n","protected":false},"excerpt":{"rendered":"<p>El siguiente documento se redacta en base a las decisiones tomadas por la junta directiva del club y los profesores en reuni\u00f3n [&hellip;]<\/p>\n","protected":false},"author":3,"featured_media":0,"parent":0,"menu_order":0,"comment_status":"closed","ping_status":"closed","template":"","meta":{"footnotes":""},"class_list":["post-6342","page","type-page","status-publish","hentry"],"_links":{"self":[{"href":"https:\/\/guerrerosgalapagar.org\/artes-marciales\/wp-json\/wp\/v2\/pages\/6342","targetHints":{"allow":["GET"]}}],"collection":[{"href":"https:\/\/guerrerosgalapagar.org\/artes-marciales\/wp-json\/wp\/v2\/pages"}],"about":[{"href":"https:\/\/guerrerosgalapagar.org\/artes-marciales\/wp-json\/wp\/v2\/types\/page"}],"author":[{"embeddable":true,"href":"https:\/\/guerrerosgalapagar.org\/artes-marciales\/wp-json\/wp\/v2\/users\/3"}],"replies":[{"embeddable":true,"href":"https:\/\/guerrerosgalapagar.org\/artes-marciales\/wp-json\/wp\/v2\/comments?post=6342"}],"version-history":[{"count":3,"href":"https:\/\/guerrerosgalapagar.org\/artes-marciales\/wp-json\/wp\/v2\/pages\/6342\/revisions"}],"predecessor-version":[{"id":7633,"href":"https:\/\/guerrerosgalapagar.org\/artes-marciales\/wp-json\/wp\/v2\/pages\/6342\/revisions\/7633"}],"wp:attachment":[{"href":"https:\/\/guerrerosgalapagar.org\/artes-marciales\/wp-json\/wp\/v2\/media?parent=6342"}],"curies":[{"name":"wp","href":"https:\/\/api.w.org\/{rel}","templated":true}]}}