{"id":6285,"date":"2024-04-24T16:25:41","date_gmt":"2024-04-24T16:25:41","guid":{"rendered":"https:\/\/guerrerosgalapagar.org\/artes-marciales\/?page_id=6285"},"modified":"2025-11-17T20:42:43","modified_gmt":"2025-11-17T19:42:43","slug":"clase-de-prueba-3","status":"publish","type":"page","link":"https:\/\/guerrerosgalapagar.org\/artes-marciales\/clase-de-prueba-3\/","title":{"rendered":"Clase de prueba"},"content":{"rendered":"<div id=\"pl-6285\"  class=\"panel-layout\" ><div id=\"pg-6285-0\"  class=\"panel-grid panel-has-style\" ><div style=\"padding: 100px 0; \" data-overlay=\"true\" class=\"panel-row-style panel-row-style-for-6285-0\" ><div id=\"pgc-6285-0-0\"  class=\"panel-grid-cell\" ><div id=\"panel-6285-0-0-0\" class=\"so-panel widget widget_black-studio-tinymce widget_black_studio_tinymce panel-first-child panel-last-child\" data-index=\"0\" ><div style=\"text-align: left;\" data-title-color=\"#443f3f\" data-headings-color=\"#443f3f\" class=\"panel-widget-style panel-widget-style-for-6285-0-0-0\" ><div class=\"textwidget\"><p>En este formulario podr\u00e1s inscribirte para probar una de nuestras actividades, recuerda que hasta que no te llegue el mail con la fecha y hora de la clase no podr\u00e1s venir a clase.<\/p>\n<p>\n<div class=\"wpcf7 no-js\" id=\"wpcf7-f6282-o1\" lang=\"es-ES\" dir=\"ltr\" data-wpcf7-id=\"6282\">\n<div class=\"screen-reader-response\"><p role=\"status\" aria-live=\"polite\" aria-atomic=\"true\"><\/p> <ul><\/ul><\/div>\n<form action=\"\/artes-marciales\/wp-json\/wp\/v2\/pages\/6285#wpcf7-f6282-o1\" method=\"post\" class=\"wpcf7-form init\" aria-label=\"Formulario de contacto\" novalidate=\"novalidate\" data-status=\"init\">\n<fieldset class=\"hidden-fields-container\"><input type=\"hidden\" name=\"_wpcf7\" value=\"6282\" \/><input type=\"hidden\" name=\"_wpcf7_version\" value=\"6.1.5\" \/><input type=\"hidden\" name=\"_wpcf7_locale\" value=\"es_ES\" \/><input type=\"hidden\" name=\"_wpcf7_unit_tag\" value=\"wpcf7-f6282-o1\" \/><input type=\"hidden\" name=\"_wpcf7_container_post\" value=\"0\" \/><input type=\"hidden\" name=\"_wpcf7_posted_data_hash\" value=\"\" \/><input type=\"hidden\" name=\"_wpcf7_recaptcha_response\" value=\"\" \/>\n<\/fieldset>\n<p><label> Nombre alumno (requerido)<br \/>\n<span class=\"wpcf7-form-control-wrap\" data-name=\"your-name\"><input size=\"40\" maxlength=\"400\" class=\"wpcf7-form-control wpcf7-text wpcf7-validates-as-required\" aria-required=\"true\" aria-invalid=\"false\" value=\"\" type=\"text\" name=\"your-name\" \/><\/span> <\/label>\n<\/p>\n<p><label> Apellidos alumno (requerido)<br \/>\n<span class=\"wpcf7-form-control-wrap\" data-name=\"your-apellidos\"><input size=\"40\" maxlength=\"400\" class=\"wpcf7-form-control wpcf7-text wpcf7-validates-as-required\" aria-required=\"true\" aria-invalid=\"false\" value=\"\" type=\"text\" name=\"your-apellidos\" \/><\/span> <\/label>\n<\/p>\n<p><label> Fecha Nacimiento Deportista (requerido)<br \/>\n<span class=\"wpcf7-form-control-wrap\" data-name=\"your-nacimiento\"><input size=\"40\" maxlength=\"400\" class=\"wpcf7-form-control wpcf7-text wpcf7-validates-as-required\" aria-required=\"true\" aria-invalid=\"false\" value=\"\" type=\"text\" name=\"your-nacimiento\" \/><\/span> <\/label>\n<\/p>\n<p><label> Correo electr\u00f3nico (requerido)<br \/>\n<span class=\"wpcf7-form-control-wrap\" data-name=\"your-email\"><input size=\"40\" maxlength=\"400\" class=\"wpcf7-form-control wpcf7-email wpcf7-validates-as-required wpcf7-text wpcf7-validates-as-email\" aria-required=\"true\" aria-invalid=\"false\" value=\"\" type=\"email\" name=\"your-email\" \/><\/span> <\/label>\n<\/p>\n<p><label> Telefono (requerido)<br \/>\n<span class=\"wpcf7-form-control-wrap\" data-name=\"tel-36\"><input size=\"40\" maxlength=\"400\" class=\"wpcf7-form-control wpcf7-tel wpcf7-validates-as-required wpcf7-text wpcf7-validates-as-tel\" aria-required=\"true\" aria-invalid=\"false\" value=\"\" type=\"tel\" name=\"tel-36\" \/><\/span><\/label>\n<\/p>\n<p><label>Escoge Actividad:<br \/>\n<span class=\"wpcf7-form-control-wrap\" data-name=\"menu-205\"><select class=\"wpcf7-form-control wpcf7-select wpcf7-validates-as-required\" aria-required=\"true\" aria-invalid=\"false\" multiple=\"multiple\" name=\"menu-205[]\"><option value=\"Martial Kids G1 L y X 17h\">Martial Kids G1 L y X 17h<\/option><option value=\"Martial Kids G2 M y J 17h\">Martial Kids G2 M y J 17h<\/option><option value=\"Karate G1 L y X 17h\">Karate G1 L y X 17h<\/option><option value=\"Karate G2 L y X 18h\">Karate G2 L y X 18h<\/option><option value=\"Karate G3 L y X 19h\">Karate G3 L y X 19h<\/option><option value=\"Judo G1 M y J 18h\">Judo G1 M y J 18h<\/option><option value=\"Judo G2 M y J 19h\">Judo G2 M y J 19h<\/option><option value=\"Tai Chi L y X 20h\">Tai Chi L y X 20h<\/option><option value=\"BJJ L y X 20h SIN PLAZAS\">BJJ L y X 20h SIN PLAZAS<\/option><option value=\"BJJ S\u00e1bados 11h\">BJJ S\u00e1bados 11h<\/option><option value=\"Taekwondo G1 M y J  17h\">Taekwondo G1 M y J  17h<\/option><option value=\"Taekwondo G2 M y J 19h\">Taekwondo G2 M y J 19h<\/option><option value=\"Taekwondo G3 M y J 20h\">Taekwondo G3 M y J 20h<\/option><option value=\"Hapkido G2 M y J 18h\">Hapkido G2 M y J 18h<\/option><option value=\"Hapkido G1 L y X 18h\">Hapkido G1 L y X 18h<\/option><option value=\"Hapkido G2* L y X 19h\">Hapkido G2* L y X 19h<\/option><option value=\"Kobudo V 19h\">Kobudo V 19h<\/option><\/select><\/span><\/label>\n<\/p>\n<p><span class=\"wpcf7-form-control-wrap\" data-name=\"radio-634\"><span class=\"wpcf7-form-control wpcf7-radio\"><span class=\"wpcf7-list-item first last\"><input type=\"radio\" name=\"radio-634\" value=\"Al enviar la solicitud entiendo qu\u00e9 podr\u00e9 disfrutar \u00fanicamente de dos sesiones de prueba\" checked=\"checked\" \/><span class=\"wpcf7-list-item-label\">Al enviar la solicitud entiendo qu\u00e9 podr\u00e9 disfrutar \u00fanicamente de dos sesiones de prueba<\/span><\/span><\/span><\/span><br \/>\n<span class=\"wpcf7-form-control-wrap\" data-name=\"radio-635\"><span class=\"wpcf7-form-control wpcf7-radio\"><span class=\"wpcf7-list-item first last\"><input type=\"radio\" name=\"radio-635\" value=\"Al enviar la solicitud entiendo que no es vinculante, ni supone la reserva de plaza\" checked=\"checked\" \/><span class=\"wpcf7-list-item-label\">Al enviar la solicitud entiendo que no es vinculante, ni supone la reserva de plaza<\/span><\/span><\/span><\/span>\n<\/p>\n<p><a href=\"https:\/\/guerrerosgalapagar.org\/artes-marciales\/reglamento-europeo-proteccion-de-datos\/\" target=\"_blank\">Lee nuestra pol\u00edtica de Protecci\u00f3n de Datos:<\/a><br \/>\n<a href=\"https:\/\/guerrerosgalapagar.org\/artes-marciales\/inscripcion\/autorizacion-fotos\/\" target=\"_blank\">Lee nuestra pol\u00edtica de aprobaci\u00f3n de derechos de im\u00e1gen:<\/a>\n<\/p>\n<p><input class=\"wpcf7-form-control wpcf7-submit has-spinner\" type=\"submit\" value=\"Enviar\" \/>\n<\/p><p style=\"display: none !important;\" class=\"akismet-fields-container\" data-prefix=\"_wpcf7_ak_\"><label>&#916;<textarea name=\"_wpcf7_ak_hp_textarea\" cols=\"45\" rows=\"8\" maxlength=\"100\"><\/textarea><\/label><input type=\"hidden\" id=\"ak_js_1\" name=\"_wpcf7_ak_js\" value=\"31\"\/><script>document.getElementById( \"ak_js_1\" ).setAttribute( \"value\", ( new Date() ).getTime() );<\/script><\/p><div class=\"wpcf7-response-output\" aria-hidden=\"true\"><\/div>\n<\/form>\n<\/div>\n<\/p>\n<p style=\"font-weight: bold; background-color: yellow; padding: 10px; border-radius: 5px; text-decoration: underline;\">Al enviar la solicitud, entiendo que:<\/p>\n<ul>\n<li style=\"font-weight: bold; background-color: yellow; border-radius: 5px; text-decoration: underline;\">Entiendo que hasta que no me confirmen los d\u00edas de prueba no podr\u00e9 ir a clase.<\/li>\n<li style=\"font-weight: bold; background-color: yellow; border-radius: 5px; text-decoration: underline;\">Acepto las condiciones y la normativa interna del club.<\/li>\n<li style=\"font-weight: bold; background-color: yellow; border-radius: 5px; text-decoration: underline;\">Solo podr\u00e9 acceder a dos clases de prueba gratuitas.<\/li>\n<\/ul>\n<\/div><\/div><\/div><\/div><\/div><\/div><\/div>","protected":false},"excerpt":{"rendered":"<p>En este formulario podr\u00e1s inscribirte para probar una de nuestras actividades, recuerda que hasta que no te llegue el mail con la [&hellip;]<\/p>\n","protected":false},"author":3,"featured_media":0,"parent":0,"menu_order":0,"comment_status":"closed","ping_status":"closed","template":"","meta":{"footnotes":""},"class_list":["post-6285","page","type-page","status-publish","hentry"],"_links":{"self":[{"href":"https:\/\/guerrerosgalapagar.org\/artes-marciales\/wp-json\/wp\/v2\/pages\/6285","targetHints":{"allow":["GET"]}}],"collection":[{"href":"https:\/\/guerrerosgalapagar.org\/artes-marciales\/wp-json\/wp\/v2\/pages"}],"about":[{"href":"https:\/\/guerrerosgalapagar.org\/artes-marciales\/wp-json\/wp\/v2\/types\/page"}],"author":[{"embeddable":true,"href":"https:\/\/guerrerosgalapagar.org\/artes-marciales\/wp-json\/wp\/v2\/users\/3"}],"replies":[{"embeddable":true,"href":"https:\/\/guerrerosgalapagar.org\/artes-marciales\/wp-json\/wp\/v2\/comments?post=6285"}],"version-history":[{"count":4,"href":"https:\/\/guerrerosgalapagar.org\/artes-marciales\/wp-json\/wp\/v2\/pages\/6285\/revisions"}],"predecessor-version":[{"id":7517,"href":"https:\/\/guerrerosgalapagar.org\/artes-marciales\/wp-json\/wp\/v2\/pages\/6285\/revisions\/7517"}],"wp:attachment":[{"href":"https:\/\/guerrerosgalapagar.org\/artes-marciales\/wp-json\/wp\/v2\/media?parent=6285"}],"curies":[{"name":"wp","href":"https:\/\/api.w.org\/{rel}","templated":true}]}}