{"id":6177,"date":"2023-12-18T16:22:59","date_gmt":"2023-12-18T16:22:59","guid":{"rendered":"https:\/\/guerrerosgalapagar.org\/artes-marciales\/?page_id=6177"},"modified":"2023-12-18T16:22:59","modified_gmt":"2023-12-18T16:22:59","slug":"ludosport","status":"publish","type":"page","link":"https:\/\/guerrerosgalapagar.org\/artes-marciales\/ludosport\/","title":{"rendered":"LudoSport"},"content":{"rendered":"<div id=\"pl-6177\"  class=\"panel-layout\" ><div id=\"pg-6177-0\"  class=\"panel-grid panel-has-style\" ><div style=\"padding: 100px 0; \" data-overlay=\"true\" data-overlay-color=\"#000000\" class=\"panel-row-style panel-row-style-for-6177-0\" ><div id=\"pgc-6177-0-0\"  class=\"panel-grid-cell\" ><div id=\"panel-6177-0-0-0\" class=\"so-panel widget widget_sow-image panel-first-child panel-last-child\" data-index=\"0\" ><div style=\"text-align: center;\" data-title-color=\"#443f3f\" data-headings-color=\"#443f3f\" class=\"panel-widget-style panel-widget-style-for-6177-0-0-0\" ><div\n\t\t\t\n\t\t\tclass=\"so-widget-sow-image so-widget-sow-image-default-113ccd71f3e6-6177\"\n\t\t\t\n\t\t>\n<div class=\"sow-image-container\">\n\t\t<img \n\tsrc=\"https:\/\/guerrerosgalapagar.org\/artes-marciales\/wp-content\/uploads\/2023\/12\/WhatsApp-Image-2023-12-18-at-17.21.22.jpeg\" width=\"1024\" height=\"768\" srcset=\"https:\/\/guerrerosgalapagar.org\/artes-marciales\/wp-content\/uploads\/2023\/12\/WhatsApp-Image-2023-12-18-at-17.21.22.jpeg 1024w, https:\/\/guerrerosgalapagar.org\/artes-marciales\/wp-content\/uploads\/2023\/12\/WhatsApp-Image-2023-12-18-at-17.21.22-300x225.jpeg 300w, https:\/\/guerrerosgalapagar.org\/artes-marciales\/wp-content\/uploads\/2023\/12\/WhatsApp-Image-2023-12-18-at-17.21.22-768x576.jpeg 768w, https:\/\/guerrerosgalapagar.org\/artes-marciales\/wp-content\/uploads\/2023\/12\/WhatsApp-Image-2023-12-18-at-17.21.22-600x450.jpeg 600w, https:\/\/guerrerosgalapagar.org\/artes-marciales\/wp-content\/uploads\/2023\/12\/WhatsApp-Image-2023-12-18-at-17.21.22-213x160.jpeg 213w, https:\/\/guerrerosgalapagar.org\/artes-marciales\/wp-content\/uploads\/2023\/12\/WhatsApp-Image-2023-12-18-at-17.21.22-1000x750.jpeg 1000w, https:\/\/guerrerosgalapagar.org\/artes-marciales\/wp-content\/uploads\/2023\/12\/WhatsApp-Image-2023-12-18-at-17.21.22-230x173.jpeg 230w, https:\/\/guerrerosgalapagar.org\/artes-marciales\/wp-content\/uploads\/2023\/12\/WhatsApp-Image-2023-12-18-at-17.21.22-350x263.jpeg 350w, https:\/\/guerrerosgalapagar.org\/artes-marciales\/wp-content\/uploads\/2023\/12\/WhatsApp-Image-2023-12-18-at-17.21.22-480x360.jpeg 480w, https:\/\/guerrerosgalapagar.org\/artes-marciales\/wp-content\/uploads\/2023\/12\/WhatsApp-Image-2023-12-18-at-17.21.22-800x600.jpeg 800w\" sizes=\"(max-width: 1024px) 100vw, 1024px\" title=\"WhatsApp Image 2023-12-18 at 17.21.22\" alt=\"\" \t\tclass=\"so-widget-image\"\/>\n\t<\/div>\n\n<\/div><\/div><\/div><\/div><div id=\"pgc-6177-0-1\"  class=\"panel-grid-cell\" ><div id=\"panel-6177-0-1-0\" class=\"so-panel widget widget_text panel-first-child panel-last-child\" data-index=\"1\" ><div style=\"text-align: left;\" data-title-color=\"#443f3f\" data-headings-color=\"#443f3f\" class=\"panel-widget-style panel-widget-style-for-6177-0-1-0\" ><h3 class=\"widget-title\">LudoSport<\/h3>\t\t\t<div class=\"textwidget\"><p>LudoSport es un deporte competitivo basado en combates de sables de luz totalmente reales a partir de una t\u00e9cnica nueva y completamente funcional.<\/p>\n<p>Es el resultado de la pasi\u00f3n y el esfuerzo de tres amigos italianos (Simone Spreafico, Gianluca Longo y Fabio Monticelli: los tres Maestros Fundadores) con una gran pasi\u00f3n por el universo de Star Wars y con experiencia en diversas disciplinas de combate y artes marciales.<\/p>\n<p>Los Maestros Fundadores desarrollaron una nueva t\u00e9cnica y nueve estilos totalmente compatibles entre s\u00ed, utilizando como referencia e inspiraci\u00f3n las pel\u00edculas, la literatura del universo Star Wars, donde se hace referencia a las peleas con sable de luz, y algunos elementos de distintos deportes de combate.<\/p>\n<\/div>\n\t\t<\/div><\/div><\/div><\/div><\/div><div id=\"pg-6177-1\"  class=\"panel-grid panel-has-style\" ><div style=\"padding: 100px 0; \" data-overlay=\"true\" data-overlay-color=\"#000000\" class=\"panel-row-style panel-row-style-for-6177-1\" ><div id=\"pgc-6177-1-0\"  class=\"panel-grid-cell\" ><div id=\"panel-6177-1-0-0\" class=\"so-panel widget widget_sow-editor panel-first-child panel-last-child\" data-index=\"2\" ><div style=\"text-align: left;\" data-title-color=\"#443f3f\" data-headings-color=\"#443f3f\" class=\"panel-widget-style panel-widget-style-for-6177-1-0-0\" ><div\n\t\t\t\n\t\t\tclass=\"so-widget-sow-editor so-widget-sow-editor-base\"\n\t\t\t\n\t\t><h3 class=\"widget-title\">Grupos<\/h3>\n<div class=\"siteorigin-widget-tinymce textwidget\">\n\t<ul>\n<li>Viernes de 17 a 19h\n<ul>\n<li>Desde los 14 a\u00f1os<\/li>\n<\/ul>\n<\/li>\n<\/ul>\n<p>&nbsp;<\/p>\n<h1 style=\"text-align: center;\"><a href=\"https:\/\/guerrerosgalapagar.org\/artes-marciales\/inscripcion\/inscripcion-polideportivo-galapagar\/\"><strong>Inscripci\u00f3n<\/strong><\/a><\/h1>\n<\/div>\n<\/div><\/div><\/div><\/div><div id=\"pgc-6177-1-1\"  class=\"panel-grid-cell\" ><div id=\"panel-6177-1-1-0\" class=\"so-panel widget widget_sow-image panel-first-child panel-last-child\" data-index=\"3\" ><div style=\"text-align: left;\" data-title-color=\"#443f3f\" data-headings-color=\"#443f3f\" class=\"panel-widget-style panel-widget-style-for-6177-1-1-0\" ><div\n\t\t\t\n\t\t\tclass=\"so-widget-sow-image so-widget-sow-image-default-8b5b6f678277-6177\"\n\t\t\t\n\t\t>\n<div class=\"sow-image-container\">\n\t\t<img \n\tsrc=\"https:\/\/guerrerosgalapagar.org\/artes-marciales\/wp-content\/uploads\/2023\/12\/WhatsApp-Image-2023-12-18-at-17.16.10-1.jpeg\" width=\"1066\" height=\"1600\" srcset=\"https:\/\/guerrerosgalapagar.org\/artes-marciales\/wp-content\/uploads\/2023\/12\/WhatsApp-Image-2023-12-18-at-17.16.10-1.jpeg 1066w, https:\/\/guerrerosgalapagar.org\/artes-marciales\/wp-content\/uploads\/2023\/12\/WhatsApp-Image-2023-12-18-at-17.16.10-1-200x300.jpeg 200w, https:\/\/guerrerosgalapagar.org\/artes-marciales\/wp-content\/uploads\/2023\/12\/WhatsApp-Image-2023-12-18-at-17.16.10-1-682x1024.jpeg 682w, https:\/\/guerrerosgalapagar.org\/artes-marciales\/wp-content\/uploads\/2023\/12\/WhatsApp-Image-2023-12-18-at-17.16.10-1-768x1153.jpeg 768w, https:\/\/guerrerosgalapagar.org\/artes-marciales\/wp-content\/uploads\/2023\/12\/WhatsApp-Image-2023-12-18-at-17.16.10-1-1023x1536.jpeg 1023w, https:\/\/guerrerosgalapagar.org\/artes-marciales\/wp-content\/uploads\/2023\/12\/WhatsApp-Image-2023-12-18-at-17.16.10-1-400x600.jpeg 400w, https:\/\/guerrerosgalapagar.org\/artes-marciales\/wp-content\/uploads\/2023\/12\/WhatsApp-Image-2023-12-18-at-17.16.10-1-107x160.jpeg 107w, https:\/\/guerrerosgalapagar.org\/artes-marciales\/wp-content\/uploads\/2023\/12\/WhatsApp-Image-2023-12-18-at-17.16.10-1-1000x1501.jpeg 1000w, https:\/\/guerrerosgalapagar.org\/artes-marciales\/wp-content\/uploads\/2023\/12\/WhatsApp-Image-2023-12-18-at-17.16.10-1-230x345.jpeg 230w, https:\/\/guerrerosgalapagar.org\/artes-marciales\/wp-content\/uploads\/2023\/12\/WhatsApp-Image-2023-12-18-at-17.16.10-1-350x525.jpeg 350w, https:\/\/guerrerosgalapagar.org\/artes-marciales\/wp-content\/uploads\/2023\/12\/WhatsApp-Image-2023-12-18-at-17.16.10-1-480x720.jpeg 480w, https:\/\/guerrerosgalapagar.org\/artes-marciales\/wp-content\/uploads\/2023\/12\/WhatsApp-Image-2023-12-18-at-17.16.10-1-800x1201.jpeg 800w\" sizes=\"(max-width: 1066px) 100vw, 1066px\" title=\"WhatsApp Image 2023-12-18 at 17.16.10 (1)\" alt=\"\" \t\tclass=\"so-widget-image\"\/>\n\t<\/div>\n\n<\/div><\/div><\/div><\/div><\/div><\/div><\/div>","protected":false},"excerpt":{"rendered":"<p>LudoSport es un deporte competitivo basado en combates de sables de luz totalmente reales a partir de una t\u00e9cnica nueva y completamente [&hellip;]<\/p>\n","protected":false},"author":3,"featured_media":0,"parent":0,"menu_order":0,"comment_status":"closed","ping_status":"closed","template":"","meta":{"footnotes":""},"class_list":["post-6177","page","type-page","status-publish","hentry"],"_links":{"self":[{"href":"https:\/\/guerrerosgalapagar.org\/artes-marciales\/wp-json\/wp\/v2\/pages\/6177","targetHints":{"allow":["GET"]}}],"collection":[{"href":"https:\/\/guerrerosgalapagar.org\/artes-marciales\/wp-json\/wp\/v2\/pages"}],"about":[{"href":"https:\/\/guerrerosgalapagar.org\/artes-marciales\/wp-json\/wp\/v2\/types\/page"}],"author":[{"embeddable":true,"href":"https:\/\/guerrerosgalapagar.org\/artes-marciales\/wp-json\/wp\/v2\/users\/3"}],"replies":[{"embeddable":true,"href":"https:\/\/guerrerosgalapagar.org\/artes-marciales\/wp-json\/wp\/v2\/comments?post=6177"}],"version-history":[{"count":2,"href":"https:\/\/guerrerosgalapagar.org\/artes-marciales\/wp-json\/wp\/v2\/pages\/6177\/revisions"}],"predecessor-version":[{"id":6181,"href":"https:\/\/guerrerosgalapagar.org\/artes-marciales\/wp-json\/wp\/v2\/pages\/6177\/revisions\/6181"}],"wp:attachment":[{"href":"https:\/\/guerrerosgalapagar.org\/artes-marciales\/wp-json\/wp\/v2\/media?parent=6177"}],"curies":[{"name":"wp","href":"https:\/\/api.w.org\/{rel}","templated":true}]}}