{"id":578,"date":"2017-08-09T14:04:13","date_gmt":"2017-08-09T14:04:13","guid":{"rendered":"https:\/\/guerrerosgalapagar.org\/artes-marciales\/?page_id=578"},"modified":"2020-01-16T17:51:31","modified_gmt":"2020-01-16T17:51:31","slug":"578-2","status":"publish","type":"page","link":"https:\/\/guerrerosgalapagar.org\/artes-marciales\/actividades\/578-2\/","title":{"rendered":"Tai Chi"},"content":{"rendered":"<div id=\"pl-578\"  class=\"panel-layout\" ><div id=\"pg-578-0\"  class=\"panel-grid panel-has-style\" ><div class=\"siteorigin-panels-stretch panel-row-style panel-row-style-for-578-0\" style=\"padding: 100px 0; \" data-stretch-type=\"full-stretched\" data-overlay=\"true\" data-overlay-color=\"#000000\" ><div id=\"pgc-578-0-0\"  class=\"panel-grid-cell\" ><div id=\"panel-578-0-0-0\" class=\"so-panel widget widget_sow-editor panel-first-child panel-last-child\" data-index=\"0\" ><div style=\"text-align: left;\" data-title-color=\"#443f3f\" data-headings-color=\"#443f3f\" class=\"panel-widget-style panel-widget-style-for-578-0-0-0\" ><div\n\t\t\t\n\t\t\tclass=\"so-widget-sow-editor so-widget-sow-editor-base\"\n\t\t\t\n\t\t>\n<div class=\"siteorigin-widget-tinymce textwidget\">\n\t<\/div>\n<\/div><\/div><\/div><\/div><div id=\"pgc-578-0-1\"  class=\"panel-grid-cell\" ><div id=\"panel-578-0-1-0\" class=\"so-panel widget widget_sow-editor panel-first-child panel-last-child\" data-index=\"1\" ><div style=\"text-align: left;\" data-title-color=\"#443f3f\" data-headings-color=\"#443f3f\" class=\"panel-widget-style panel-widget-style-for-578-0-1-0\" ><div\n\t\t\t\n\t\t\tclass=\"so-widget-sow-editor so-widget-sow-editor-base\"\n\t\t\t\n\t\t><h3 class=\"widget-title\">Origen <\/h3>\n<div class=\"siteorigin-widget-tinymce textwidget\">\n\t<p>Su origen filos\u00f3fico proviene del tao\u00edsmo. Se trata de que aquel que lo practica sea capaz de manejar su propia energ\u00eda (Chi) a su conveniencia, tener pleno control sobre ella y fortalecerla, adem\u00e1s de \u2018tomar\u2019 la del adversario a su favor. De ah\u00ed que cualquier practicante tendr\u00e1 la capacidad de manejar su energ\u00eda, as\u00ed como direccionarla hacia un punto, llevar un flujo energ\u00e9tico hacia alguna parte de su cuerpo o concentrar su Chi o energ\u00eda vital.<\/p>\n<p>Lo cierto es que\u00a0<strong>el Tai Chi se utiliza para mejorar la calidad de vida, f\u00edsica, mental, y espiritua<\/strong>l. Para los chinos, el trabajo espiritual es parte fundamental de la vida diaria, de ah\u00ed que el Tai Chi sea otra forma de hacer meditaci\u00f3n; un tipo de meditaci\u00f3n en movimiento, donde la persona que lo practica est\u00e1 enfocada en el aqu\u00ed y en el ahora.<\/p>\n<p><strong>Dentro de los principios del Tai Chi se encuentran los movimientos suaves, de forma natural, relajada, fluida y, a la vez, lenta<\/strong>; no se aplica la fuerza ni la rapidez, ni la rigidez ni la agilidad.<\/p>\n<\/div>\n<\/div><\/div><\/div><\/div><\/div><\/div><div id=\"pg-578-1\"  class=\"panel-grid panel-has-style\" ><div class=\"siteorigin-panels-stretch panel-row-style panel-row-style-for-578-1\" style=\"padding: 100px 0; \" data-stretch-type=\"full-stretched\" data-overlay=\"true\" data-overlay-color=\"#000000\" ><div id=\"pgc-578-1-0\"  class=\"panel-grid-cell\" ><div id=\"panel-578-1-0-0\" class=\"so-panel widget widget_sow-editor panel-first-child panel-last-child\" data-index=\"2\" ><div style=\"text-align: left;\" data-title-color=\"#443f3f\" data-headings-color=\"#443f3f\" class=\"panel-widget-style panel-widget-style-for-578-1-0-0\" ><div\n\t\t\t\n\t\t\tclass=\"so-widget-sow-editor so-widget-sow-editor-base\"\n\t\t\t\n\t\t><h3 class=\"widget-title\">Grupos<\/h3>\n<div class=\"siteorigin-widget-tinymce textwidget\">\n\t<div class=\"siteorigin-widget-tinymce textwidget\">\n<div class=\"textwidget\">\n<ul>\n<li style=\"text-align: left;\"><span style=\"color: #333333;\"><b>Adulto<\/b>, Lunes y mi\u00e9rcoles de 20:00 a 21:00h (Monitor, Javier Blazquez<a href=\"https:\/\/guerrerosgalapagar.org\/artes-marciales\/employees\/jaime-sanguino\/\">)<\/a>\u00a0<\/span><\/li>\n<\/ul>\n<hr \/>\n<p style=\"text-align: center;\"><span style=\"font-size: 24pt;\"><strong><a href=\"https:\/\/guerrerosgalapagar.org\/artes-marciales\/inscripcion\/\" target=\"_blank\" rel=\"noopener\">\u00a1QUIERO APUNTARME!<\/a><\/strong><\/span><\/p>\n<hr \/>\n<\/div>\n<p style=\"text-align: center;\"><a class=\"whatsapp-movil\" href=\"whatsapp:\/\/send\/?phone=34675034540&amp;text=Quiero%20saber%20m\u00e1s%20acerca%20del%20Taichi%20\" target=\"_blank\" rel=\"noopener\">Preguntar por Whatsapp movil<img loading=\"lazy\" decoding=\"async\" class=\"aligncenter size-medium wp-image-2529\" src=\"http:\/\/www.coedpi.es\/inicio\/wp-content\/uploads\/2018\/11\/Whatsapp-icono-300x300.png\" alt=\"\" width=\"24\" height=\"24\" \/><\/a><\/p>\n<p style=\"text-align: center;\"><a class=\"whatsapp-web\" href=\"https:\/\/web.whatsapp.com\/send\/?phone=34675034540&amp;text=Quiero%20saber%20m\u00e1s%20acerca%20del%20Taichi%20\" target=\"_blank\" rel=\"noopener\">Preguntar por Whatsapp web<img loading=\"lazy\" decoding=\"async\" class=\"aligncenter size-medium wp-image-2529\" src=\"http:\/\/www.coedpi.es\/inicio\/wp-content\/uploads\/2018\/11\/Whatsapp-icono-300x300.png\" alt=\"\" width=\"24\" height=\"24\" \/><\/a><\/p>\n<\/div>\n<\/div>\n<\/div><\/div><\/div><\/div><div id=\"pgc-578-1-1\"  class=\"panel-grid-cell\" ><div id=\"panel-578-1-1-0\" class=\"so-panel widget widget_sow-editor panel-first-child panel-last-child\" data-index=\"3\" ><div style=\"text-align: left;\" data-title-color=\"#443f3f\" data-headings-color=\"#443f3f\" class=\"panel-widget-style panel-widget-style-for-578-1-1-0\" ><div\n\t\t\t\n\t\t\tclass=\"so-widget-sow-editor so-widget-sow-editor-base\"\n\t\t\t\n\t\t>\n<div class=\"siteorigin-widget-tinymce textwidget\">\n\t<p style=\"text-align: center;\"><a class=\"whatsapp-movil\" href=\"whatsapp:\/\/send\/?phone=34675034540&amp;text=Quiero%20saber%20m\u00e1s%20acerca%20del%20Taichi%20\" target=\"_blank\" rel=\"noopener\">Preguntar por Whatsapp movil<img loading=\"lazy\" decoding=\"async\" src=\"http:\/\/www.coedpi.es\/inicio\/wp-content\/uploads\/2018\/11\/Whatsapp-icono-300x300.png\" alt=\"\" width=\"24\" height=\"24\" class=\"aligncenter size-medium wp-image-2529\" \/><\/a><\/p>\n<p style=\"text-align: center;\"><a class=\"whatsapp-web\" href=\"https:\/\/web.whatsapp.com\/send\/?phone=34675034540&amp;text=Quiero%20saber%20m\u00e1s%20acerca%20del%20Taichi%20\" target=\"_blank\" rel=\"noopener\">Preguntar por Whatsapp web<img loading=\"lazy\" decoding=\"async\" src=\"http:\/\/www.coedpi.es\/inicio\/wp-content\/uploads\/2018\/11\/Whatsapp-icono-300x300.png\" alt=\"\" width=\"24\" height=\"24\" class=\"aligncenter size-medium wp-image-2529\" \/><\/a><\/p>\n<\/div>\n<\/div><\/div><\/div><\/div><\/div><\/div><\/div>","protected":false},"excerpt":{"rendered":"<p>Su origen filos\u00f3fico proviene del tao\u00edsmo. Se trata de que aquel que lo practica sea capaz de manejar su propia energ\u00eda (Chi) [&hellip;]<\/p>\n","protected":false},"author":3,"featured_media":0,"parent":6,"menu_order":0,"comment_status":"closed","ping_status":"closed","template":"page-templates\/page_fullwidth.php","meta":{"footnotes":""},"class_list":["post-578","page","type-page","status-publish","hentry"],"_links":{"self":[{"href":"https:\/\/guerrerosgalapagar.org\/artes-marciales\/wp-json\/wp\/v2\/pages\/578","targetHints":{"allow":["GET"]}}],"collection":[{"href":"https:\/\/guerrerosgalapagar.org\/artes-marciales\/wp-json\/wp\/v2\/pages"}],"about":[{"href":"https:\/\/guerrerosgalapagar.org\/artes-marciales\/wp-json\/wp\/v2\/types\/page"}],"author":[{"embeddable":true,"href":"https:\/\/guerrerosgalapagar.org\/artes-marciales\/wp-json\/wp\/v2\/users\/3"}],"replies":[{"embeddable":true,"href":"https:\/\/guerrerosgalapagar.org\/artes-marciales\/wp-json\/wp\/v2\/comments?post=578"}],"version-history":[{"count":11,"href":"https:\/\/guerrerosgalapagar.org\/artes-marciales\/wp-json\/wp\/v2\/pages\/578\/revisions"}],"predecessor-version":[{"id":3269,"href":"https:\/\/guerrerosgalapagar.org\/artes-marciales\/wp-json\/wp\/v2\/pages\/578\/revisions\/3269"}],"up":[{"embeddable":true,"href":"https:\/\/guerrerosgalapagar.org\/artes-marciales\/wp-json\/wp\/v2\/pages\/6"}],"wp:attachment":[{"href":"https:\/\/guerrerosgalapagar.org\/artes-marciales\/wp-json\/wp\/v2\/media?parent=578"}],"curies":[{"name":"wp","href":"https:\/\/api.w.org\/{rel}","templated":true}]}}