{"id":5752,"date":"2023-06-22T10:00:10","date_gmt":"2023-06-22T10:00:10","guid":{"rendered":"https:\/\/guerrerosgalapagar.org\/artes-marciales\/?page_id=5752"},"modified":"2025-07-03T13:17:19","modified_gmt":"2025-07-03T11:17:19","slug":"5752-2","status":"publish","type":"page","link":"https:\/\/guerrerosgalapagar.org\/artes-marciales\/5752-2\/","title":{"rendered":"Soy alumno"},"content":{"rendered":"<div id=\"pl-5752\"  class=\"panel-layout\" ><div id=\"pg-5752-0\"  class=\"panel-grid panel-has-style\" ><div style=\"padding: 100px 0; \" data-overlay=\"true\" data-overlay-color=\"#000000\" class=\"panel-row-style panel-row-style-for-5752-0\" ><div id=\"pgc-5752-0-0\"  class=\"panel-grid-cell\" ><div id=\"panel-5752-0-0-0\" class=\"so-panel widget widget_black-studio-tinymce widget_black_studio_tinymce panel-first-child panel-last-child\" data-index=\"0\" ><div style=\"text-align: left;\" data-title-color=\"#443f3f\" data-headings-color=\"#443f3f\" class=\"panel-widget-style panel-widget-style-for-5752-0-0-0\" ><h3 class=\"widget-title\">Bienvenido<\/h3><div class=\"textwidget\"><h3 style=\"text-align: center;\"><strong>Tu viaje contin\u00faa. Gracias por seguir formando parte de la familia Guerreros Galapagar.<\/strong><\/h3>\n<p>\n<div class=\"wpcf7 no-js\" id=\"wpcf7-f5751-o1\" lang=\"es-ES\" dir=\"ltr\" data-wpcf7-id=\"5751\">\n<div class=\"screen-reader-response\"><p role=\"status\" aria-live=\"polite\" aria-atomic=\"true\"><\/p> <ul><\/ul><\/div>\n<form action=\"\/artes-marciales\/wp-json\/wp\/v2\/pages\/5752#wpcf7-f5751-o1\" method=\"post\" class=\"wpcf7-form init\" aria-label=\"Formulario de contacto\" novalidate=\"novalidate\" data-status=\"init\">\n<fieldset class=\"hidden-fields-container\"><input type=\"hidden\" name=\"_wpcf7\" value=\"5751\" \/><input type=\"hidden\" name=\"_wpcf7_version\" value=\"6.1.5\" \/><input type=\"hidden\" name=\"_wpcf7_locale\" value=\"es_ES\" \/><input type=\"hidden\" name=\"_wpcf7_unit_tag\" value=\"wpcf7-f5751-o1\" \/><input type=\"hidden\" name=\"_wpcf7_container_post\" value=\"0\" \/><input type=\"hidden\" name=\"_wpcf7_posted_data_hash\" value=\"\" \/><input type=\"hidden\" name=\"_wpcf7_recaptcha_response\" value=\"\" \/>\n<\/fieldset>\n<p><label> Nombre Deportista y apellidos o numero de socio (requerido)<br \/>\n<span class=\"wpcf7-form-control-wrap\" data-name=\"your-name\"><input size=\"40\" maxlength=\"400\" class=\"wpcf7-form-control wpcf7-text wpcf7-validates-as-required\" aria-required=\"true\" aria-invalid=\"false\" value=\"\" type=\"text\" name=\"your-name\" \/><\/span> <\/label>\n<\/p>\n<p><label> Correo electr\u00f3nico (requerido)<br \/>\n<span class=\"wpcf7-form-control-wrap\" data-name=\"your-email\"><input size=\"40\" maxlength=\"400\" class=\"wpcf7-form-control wpcf7-email wpcf7-validates-as-required wpcf7-text wpcf7-validates-as-email\" aria-required=\"true\" aria-invalid=\"false\" value=\"\" type=\"email\" name=\"your-email\" \/><\/span> <\/label>\n<\/p>\n<p><label>Escoge Actividad:<br \/>\n<span class=\"wpcf7-form-control-wrap\" data-name=\"menu-205\"><select class=\"wpcf7-form-control wpcf7-select wpcf7-validates-as-required\" aria-required=\"true\" aria-invalid=\"false\" multiple=\"multiple\" name=\"menu-205[]\"><option value=\"Martial Kids G1 L y X 17h 33,99\u20ac\">Martial Kids G1 L y X 17h 33,99\u20ac<\/option><option value=\"Martial Kids G2 M y J 17h 33,99\u20ac\">Martial Kids G2 M y J 17h 33,99\u20ac<\/option><option value=\"Karate G1 L y X 17h 33,99\u20ac\">Karate G1 L y X 17h 33,99\u20ac<\/option><option value=\"Karate G2 L y X 18h 33,99\u20ac\">Karate G2 L y X 18h 33,99\u20ac<\/option><option value=\"Karate G3 L y X 19h 33,99\u20ac\">Karate G3 L y X 19h 33,99\u20ac<\/option><option value=\"Judo G1 M y J 18h 33,99\u20ac\">Judo G1 M y J 18h 33,99\u20ac<\/option><option value=\"Judo G2 M y J 19h 33,99\u20ac\">Judo G2 M y J 19h 33,99\u20ac<\/option><option value=\"Tai Chi L y X 20h 33,99\u20ac\">Tai Chi L y X 20h 33,99\u20ac<\/option><option value=\"BJJ L y X 20h 33,99\u20ac SIN PLAZAS\">BJJ L y X 20h 33,99\u20ac SIN PLAZAS<\/option><option value=\"BJJ S\u00e1bados 11h 33,99\u20ac\">BJJ S\u00e1bados 11h 33,99\u20ac<\/option><option value=\"Taekwondo G1 M y J  17h 33,99\u20ac SIN PLAZAS\">Taekwondo G1 M y J  17h 33,99\u20ac SIN PLAZAS<\/option><option value=\"Taekwondo G2 M y J 19h 33,99\u20ac\">Taekwondo G2 M y J 19h 33,99\u20ac<\/option><option value=\"Taekwondo G3 M y J 20h 33,99\u20ac\">Taekwondo G3 M y J 20h 33,99\u20ac<\/option><option value=\"Hapkido G1 L y X 18h 33,99\u20ac\">Hapkido G1 L y X 18h 33,99\u20ac<\/option><option value=\"Hapkido G2* L y X 19h 33,99\u20ac\">Hapkido G2* L y X 19h 33,99\u20ac<\/option><option value=\"Hapkido G2 M y J 18h 33,99\u20ac\">Hapkido G2 M y J 18h 33,99\u20ac<\/option><option value=\"Hapkido G3 M y J 20h 33,99\u20ac\">Hapkido G3 M y J 20h 33,99\u20ac<\/option><option value=\"Hapkido G4 M y J 21h 33,99\u20ac\">Hapkido G4 M y J 21h 33,99\u20ac<\/option><option value=\"Kobudo V 19h 5\u20ac\">Kobudo V 19h 5\u20ac<\/option><\/select><\/span><\/label>\n<\/p>\n<p>28,99 \u20ac para familia numerosa\n<\/p>\n<p><label>Matricula: (requerido)<\/label><br \/>\n<span class=\"wpcf7-form-control-wrap\" data-name=\"radio-618\"><span class=\"wpcf7-form-control wpcf7-radio\"><span class=\"wpcf7-list-item first last\"><input type=\"radio\" name=\"radio-618\" value=\"Matricula 25\u20ac\" checked=\"checked\" \/><span class=\"wpcf7-list-item-label\">Matricula 25\u20ac<\/span><\/span><\/span><\/span>\n<\/p>\n<p><label> \u00bfNecesitas modificar alg\u00fan dato?<br \/>\n<span class=\"wpcf7-form-control-wrap\" data-name=\"your-message\"><textarea cols=\"40\" rows=\"10\" maxlength=\"2000\" class=\"wpcf7-form-control wpcf7-textarea wpcf7-validates-as-required\" aria-required=\"true\" aria-invalid=\"false\" name=\"your-message\"><\/textarea><\/span> <\/label>\n<\/p>\n<p><b><label style=\u00bbcolor: #ffffff;\u00bb>Acepto y he le\u00eddo el siguiente documento ETIQUETA Y C\u00d3DIGO DE CONDUCTA EN EL DOJO <\/label><\/b><br \/>\n<span class=\"wpcf7-form-control-wrap\" data-name=\"radio-294\"><span class=\"wpcf7-form-control wpcf7-radio\" id=\"whatsapp\"><span class=\"wpcf7-list-item first\"><input type=\"radio\" name=\"radio-294\" value=\"Si\" checked=\"checked\" \/><span class=\"wpcf7-list-item-label\">Si<\/span><\/span><span class=\"wpcf7-list-item last\"><input type=\"radio\" name=\"radio-294\" value=\"No, en este caso la inscripci\u00f3n no ser\u00e1 tramitada\" \/><span class=\"wpcf7-list-item-label\">No, en este caso la inscripci\u00f3n no ser\u00e1 tramitada<\/span><\/span><\/span><\/span>\n<\/p>\n<p><b><a href=\"https:\/\/guerrerosgalapagar.org\/artes-marciales\/etiqueta-y-codigo-de-conducta-en-el-dojo-2\/\" target=\"_blank\">Lee nuestra ETIQUETA Y C\u00d3DIGO DE CONDUCTA EN EL DOJO<\/a><\/b>\n<\/p>\n<p><label style=\u00bbcolor: #ffffff;\u00bb>Quiero entrar en un grupo de Wathsapp, solo para recibir informaci\u00f3n, no podr\u00e9 enviar mensajes<\/label><br \/>\n<span class=\"wpcf7-form-control-wrap\" data-name=\"radio-295\"><span class=\"wpcf7-form-control wpcf7-radio\"><span class=\"wpcf7-list-item first\"><input type=\"radio\" name=\"radio-295\" value=\"Si\" checked=\"checked\" \/><span class=\"wpcf7-list-item-label\">Si<\/span><\/span><span class=\"wpcf7-list-item last\"><input type=\"radio\" name=\"radio-295\" value=\"No, no quiero recibir informaci\u00f3n (En este caso no nos responsabilizamos si no os llega la informaci\u00f3n sobre eventos, competiciones etc...)\" \/><span class=\"wpcf7-list-item-label\">No, no quiero recibir informaci\u00f3n (En este caso no nos responsabilizamos si no os llega la informaci\u00f3n sobre eventos, competiciones etc...)<\/span><\/span><\/span><\/span>\n<\/p>\n<p><a href=\"https:\/\/guerrerosgalapagar.org\/artes-marciales\/reglamento-europeo-proteccion-de-datos\/\" target=\"_blank\">Lee nuestra pol\u00edtica de Protecci\u00f3n de Datos:<\/a>\n<\/p>\n<p><span class=\"wpcf7-form-control-wrap\" data-name=\"radio-958\"><span class=\"wpcf7-form-control wpcf7-radio\"><span class=\"wpcf7-list-item first\"><input type=\"radio\" name=\"radio-958\" value=\"Si acepto Recibir Informaci\u00f3n de Guerreros\" checked=\"checked\" \/><span class=\"wpcf7-list-item-label\">Si acepto Recibir Informaci\u00f3n de Guerreros<\/span><\/span><span class=\"wpcf7-list-item last\"><input type=\"radio\" name=\"radio-958\" value=\"No acepto Recibir Informaci\u00f3n de Guerreros\" \/><span class=\"wpcf7-list-item-label\">No acepto Recibir Informaci\u00f3n de Guerreros<\/span><\/span><\/span><\/span>\n<\/p>\n<p><a href=\"https:\/\/guerrerosgalapagar.org\/artes-marciales\/inscripcion\/autorizacion-fotos\/\" target=\"_blank\">Lee nuestra pol\u00edtica de aprobaci\u00f3n de derechos de im\u00e1gen:<\/a>\n<\/p>\n<p><span class=\"wpcf7-form-control-wrap\" data-name=\"radio-634\"><span class=\"wpcf7-form-control wpcf7-radio\"><span class=\"wpcf7-list-item first\"><input type=\"radio\" name=\"radio-634\" value=\"Si Acepto fotos y videos de mi hij@ para memoria interna y ense\u00f1ar a los padres bajo usuario y contrase\u00f1a\" checked=\"checked\" \/><span class=\"wpcf7-list-item-label\">Si Acepto fotos y videos de mi hij@ para memoria interna y ense\u00f1ar a los padres bajo usuario y contrase\u00f1a<\/span><\/span><span class=\"wpcf7-list-item last\"><input type=\"radio\" name=\"radio-634\" value=\"No Acepto Fotos y videos de mi hij@ para memoria interna y ense\u00f1ar a los padres bajo usuario y contrase\u00f1a\" \/><span class=\"wpcf7-list-item-label\">No Acepto Fotos y videos de mi hij@ para memoria interna y ense\u00f1ar a los padres bajo usuario y contrase\u00f1a<\/span><\/span><\/span><\/span>\n<\/p>\n<p><label>En caso de haber aceptado<\/label>\n<\/p>\n<p><span class=\"wpcf7-form-control-wrap\" data-name=\"radio-635\"><span class=\"wpcf7-form-control wpcf7-radio\"><span class=\"wpcf7-list-item first\"><input type=\"radio\" name=\"radio-635\" value=\"Si Acepto el uso de esas fotos y videos de mi hij@ para publicitar la asociaci\u00f3n y sus actividades en redes sociales\" checked=\"checked\" \/><span class=\"wpcf7-list-item-label\">Si Acepto el uso de esas fotos y videos de mi hij@ para publicitar la asociaci\u00f3n y sus actividades en redes sociales<\/span><\/span><span class=\"wpcf7-list-item last\"><input type=\"radio\" name=\"radio-635\" value=\"No Acepto el uso de esas fotos y videos de mi hij@ para publicitar la asociaci\u00f3n y sus actividades en redes sociales\" \/><span class=\"wpcf7-list-item-label\">No Acepto el uso de esas fotos y videos de mi hij@ para publicitar la asociaci\u00f3n y sus actividades en redes sociales<\/span><\/span><\/span><\/span>\n<\/p>\n<p><input class=\"wpcf7-form-control wpcf7-submit has-spinner\" type=\"submit\" value=\"Enviar\" \/>\n<\/p><p style=\"display: none !important;\" class=\"akismet-fields-container\" data-prefix=\"_wpcf7_ak_\"><label>&#916;<textarea name=\"_wpcf7_ak_hp_textarea\" cols=\"45\" rows=\"8\" maxlength=\"100\"><\/textarea><\/label><input type=\"hidden\" id=\"ak_js_1\" name=\"_wpcf7_ak_js\" value=\"72\"\/><script>document.getElementById( \"ak_js_1\" ).setAttribute( \"value\", ( new Date() ).getTime() );<\/script><\/p><div class=\"wpcf7-response-output\" aria-hidden=\"true\"><\/div>\n<\/form>\n<\/div>\n<\/p>\n<p style=\"font-weight: bold; background-color: yellow; padding: 10px; border-radius: 5px; text-decoration: underline;\">Al enviar la inscripci\u00f3n, declaro que:<\/p>\n<ul>\n<li style=\"font-weight: bold; background-color: yellow; border-radius: 5px; text-decoration: underline;\">Entiendo que la inscripci\u00f3n supondr\u00e1 un cargo econ\u00f3mico.<\/li>\n<li style=\"font-weight: bold; background-color: yellow; border-radius: 5px; text-decoration: underline;\">Acepto las condiciones de pagos, bajas y la normativa interna del club.<\/li>\n<li style=\"font-weight: bold; background-color: yellow; border-radius: 5px; text-decoration: underline;\">Comprendo que las clases seguir\u00e1n el calendario escolar.<\/li>\n<li style=\"font-weight: bold; background-color: yellow; border-radius: 5px; text-decoration: underline;\">Confirmo que he le\u00eddo y comprendido el documento \"Etiqueta y C\u00f3digo de Conducta en el Dojo\".<\/li>\n<\/ul>\n<\/div><\/div><\/div><\/div><\/div><\/div><\/div>","protected":false},"excerpt":{"rendered":"<p>Tu viaje contin\u00faa. Gracias por seguir formando parte de la familia Guerreros Galapagar. Al enviar la inscripci\u00f3n, declaro que: Entiendo que la [&hellip;]<\/p>\n","protected":false},"author":3,"featured_media":0,"parent":0,"menu_order":0,"comment_status":"closed","ping_status":"closed","template":"","meta":{"footnotes":""},"class_list":["post-5752","page","type-page","status-publish","hentry"],"_links":{"self":[{"href":"https:\/\/guerrerosgalapagar.org\/artes-marciales\/wp-json\/wp\/v2\/pages\/5752","targetHints":{"allow":["GET"]}}],"collection":[{"href":"https:\/\/guerrerosgalapagar.org\/artes-marciales\/wp-json\/wp\/v2\/pages"}],"about":[{"href":"https:\/\/guerrerosgalapagar.org\/artes-marciales\/wp-json\/wp\/v2\/types\/page"}],"author":[{"embeddable":true,"href":"https:\/\/guerrerosgalapagar.org\/artes-marciales\/wp-json\/wp\/v2\/users\/3"}],"replies":[{"embeddable":true,"href":"https:\/\/guerrerosgalapagar.org\/artes-marciales\/wp-json\/wp\/v2\/comments?post=5752"}],"version-history":[{"count":10,"href":"https:\/\/guerrerosgalapagar.org\/artes-marciales\/wp-json\/wp\/v2\/pages\/5752\/revisions"}],"predecessor-version":[{"id":6921,"href":"https:\/\/guerrerosgalapagar.org\/artes-marciales\/wp-json\/wp\/v2\/pages\/5752\/revisions\/6921"}],"wp:attachment":[{"href":"https:\/\/guerrerosgalapagar.org\/artes-marciales\/wp-json\/wp\/v2\/media?parent=5752"}],"curies":[{"name":"wp","href":"https:\/\/api.w.org\/{rel}","templated":true}]}}