{"id":4920,"date":"2021-09-28T13:30:19","date_gmt":"2021-09-28T13:30:19","guid":{"rendered":"https:\/\/guerrerosgalapagar.org\/artes-marciales\/?page_id=4920"},"modified":"2021-09-28T13:30:19","modified_gmt":"2021-09-28T13:30:19","slug":"autorizacion-fotos","status":"publish","type":"page","link":"https:\/\/guerrerosgalapagar.org\/artes-marciales\/autorizacion-fotos\/","title":{"rendered":"Autorizacion Fotos"},"content":{"rendered":"<p>Solicito su autorizaci\u00f3n para tomar todas las fotograf\u00edas, im\u00e1genes, fotogramas, videos, o cualesquiera otra forma de reproducci\u00f3n de la imagen, nombre o voz\u00a0 del deportista inscrito sin que por ello se devengue a favor del deportista o sus tutores legales el derecho a percibir contraprestaci\u00f3n o compensaci\u00f3n econ\u00f3mica alguna o de cualquier otro tipo, as\u00ed como a usarlo con fines publicitarios de esta asociaci\u00f3n mediante su publicaci\u00f3n en la web oficial y en redes sociales.<\/p>\n","protected":false},"excerpt":{"rendered":"<p>Solicito su autorizaci\u00f3n para tomar todas las fotograf\u00edas, im\u00e1genes, fotogramas, videos, o cualesquiera otra forma de reproducci\u00f3n de la imagen, nombre o [&hellip;]<\/p>\n","protected":false},"author":3,"featured_media":0,"parent":0,"menu_order":0,"comment_status":"closed","ping_status":"closed","template":"","meta":{"footnotes":""},"class_list":["post-4920","page","type-page","status-publish","hentry"],"_links":{"self":[{"href":"https:\/\/guerrerosgalapagar.org\/artes-marciales\/wp-json\/wp\/v2\/pages\/4920","targetHints":{"allow":["GET"]}}],"collection":[{"href":"https:\/\/guerrerosgalapagar.org\/artes-marciales\/wp-json\/wp\/v2\/pages"}],"about":[{"href":"https:\/\/guerrerosgalapagar.org\/artes-marciales\/wp-json\/wp\/v2\/types\/page"}],"author":[{"embeddable":true,"href":"https:\/\/guerrerosgalapagar.org\/artes-marciales\/wp-json\/wp\/v2\/users\/3"}],"replies":[{"embeddable":true,"href":"https:\/\/guerrerosgalapagar.org\/artes-marciales\/wp-json\/wp\/v2\/comments?post=4920"}],"version-history":[{"count":1,"href":"https:\/\/guerrerosgalapagar.org\/artes-marciales\/wp-json\/wp\/v2\/pages\/4920\/revisions"}],"predecessor-version":[{"id":4921,"href":"https:\/\/guerrerosgalapagar.org\/artes-marciales\/wp-json\/wp\/v2\/pages\/4920\/revisions\/4921"}],"wp:attachment":[{"href":"https:\/\/guerrerosgalapagar.org\/artes-marciales\/wp-json\/wp\/v2\/media?parent=4920"}],"curies":[{"name":"wp","href":"https:\/\/api.w.org\/{rel}","templated":true}]}}