{"id":3338,"date":"2020-08-14T16:05:11","date_gmt":"2020-08-14T16:05:11","guid":{"rendered":"https:\/\/guerrerosgalapagar.org\/artes-marciales\/?page_id=3338"},"modified":"2020-08-27T16:19:19","modified_gmt":"2020-08-27T16:19:19","slug":"info-covid-19","status":"publish","type":"page","link":"https:\/\/guerrerosgalapagar.org\/artes-marciales\/info-covid-19\/","title":{"rendered":"Info Covid-19"},"content":{"rendered":"<div id=\"pl-3338\"  class=\"panel-layout\" ><div id=\"pg-3338-0\"  class=\"panel-grid panel-has-style\" ><div style=\"border-bottom: 1px solid #0a0a0a;padding: 100px 0; \" data-overlay=\"true\" data-overlay-color=\"#000000\" class=\"panel-row-style panel-row-style-for-3338-0\" ><div id=\"pgc-3338-0-0\"  class=\"panel-grid-cell\" ><div id=\"panel-3338-0-0-0\" class=\"so-panel widget widget_text panel-first-child panel-last-child\" data-index=\"0\" ><div style=\"text-align: left;\" data-title-color=\"#443f3f\" data-headings-color=\"#443f3f\" class=\"panel-widget-style panel-widget-style-for-3338-0-0-0\" ><h3 class=\"widget-title\">Informaci\u00f3n y comunicados sobre Covid-19<\/h3>\t\t\t<div class=\"textwidget\"><ol>\n<li><strong>Comunicaci\u00f3n Federaci\u00f3n Madrile\u00f1a de Judo y D.A.<\/strong> 03\/08\/2020 \u00a0 <a href=\"https:\/\/guerrerosgalapagar.org\/artes-marciales\/wp-content\/uploads\/2020\/08\/COMUNICADO-AFILIADOS-FMJYDA-03-08-2020.pdf\">Ver Completo<\/a><\/li>\n<li><strong>Bolet\u00edn Oficial de la comunidad de Madrid\u00a0<\/strong> \u00a0<a href=\"https:\/\/guerrerosgalapagar.org\/artes-marciales\/wp-content\/uploads\/2020\/08\/BOCM-20200811-1.PDF.pdf\">Ver Completo<\/a>\n<ul>\n<li>Resumen:1. En las instalaciones y centros deportivos al aire libre podr\u00e1 realizarse actividad deportiva, individual o colectiva. No ser\u00e1 obligatorio el uso de mascarilla durante la pr\u00e1ctica deportiva al aire libre siempre que, teniendo en cuenta la posible concurrencia de personas y las dimensiones del lugar, pueda garantizarse el mantenimiento de la distancia de seguridad con otras personas no convivientes.<br \/>\n2. <strong>Se podr\u00e1 reanudar la actividad f\u00edsico-deportiva de deportes de contacto y de combate<\/strong> al aire libre con uso obligatorio de mascarilla, salvo en aquellos casos que se encuentre exceptuada su utilizaci\u00f3n conforme a lo dispuesto en el punto 4 del apartado s\u00e9ptimo de la presente orden. Asimismo, la pr\u00e1ctica de estas disciplinas se limitar\u00e1n a grupos de 20 personas en los casos de entrenamientos pre-competici\u00f3n y a 25 personas en competici\u00f3n.<\/li>\n<\/ul>\n<\/li>\n<li><strong>Informaci\u00f3n situaci\u00f3n actual<\/strong> Europa Press, Madrid 11\/08\/2020 <a href=\"https:\/\/www.lavanguardia.com\/local\/madrid\/20200811\/482789468052\/madrid-reanudar-deportes-contacto-polideportivos-mascarilla-oronavirus.html\">https:\/\/www.lavanguardia.com\/local\/madrid\/20200811\/482789468052\/madrid-reanudar-deportes-contacto-polideportivos-mascarilla-oronavirus.html<\/a><\/li>\n<li><strong>Informaci\u00f3n Judo Limpio<\/strong> 18\/07\/2020\u00a0\u00a0<a href=\"https:\/\/www.marca.com\/otros-deportes\/2020\/07\/18\/5f12af19ca4741d7368b45cc.html\">https:\/\/www.marca.com\/otros-deportes\/2020\/07\/18\/5f12af19ca4741d7368b45cc.htm<\/a><\/li>\n<li><strong>Consejos inicio deporte con mascarilla<\/strong> VICECONSEJER\u00cdA DE DEPORTES (CAM)\u00a0<a href=\"https:\/\/guerrerosgalapagar.org\/artes-marciales\/wp-content\/uploads\/2020\/08\/Consejos-entrenamientos-con-mascarilla.pdf\">Consejos entrenamientos con mascarilla <\/a><a href=\"https:\/\/guerrerosgalapagar.org\/artes-marciales\/wp-content\/uploads\/2020\/08\/Consejos-entrenamientos-con-mascarilla-Resumen.pdf\">Consejos entrenamientos con mascarilla (Resumen)<\/a><\/li>\n<\/ol>\n<\/div>\n\t\t<\/div><\/div><\/div><\/div><\/div><div id=\"pg-3338-1\"  class=\"panel-grid panel-has-style\" ><div style=\"padding: 100px 0; \" data-overlay=\"true\" data-overlay-color=\"#000000\" class=\"panel-row-style panel-row-style-for-3338-1\" ><div id=\"pgc-3338-1-0\"  class=\"panel-grid-cell\" ><div id=\"panel-3338-1-0-0\" class=\"so-panel widget widget_text panel-first-child\" data-index=\"1\" ><div style=\"text-align: left;\" data-title-color=\"#443f3f\" data-headings-color=\"#443f3f\" class=\"panel-widget-style panel-widget-style-for-3338-1-0-0\" ><h3 class=\"widget-title\">Protocolos de Covid-19 en Guerreros<\/h3>\t\t\t<div class=\"textwidget\"><\/div>\n\t\t<\/div><\/div><div id=\"panel-3338-1-0-1\" class=\"so-panel widget widget_list panel-last-child\" data-index=\"2\" ><div style=\"text-align: left;\" data-title-color=\"#443f3f\" data-headings-color=\"#443f3f\" class=\"panel-widget-style panel-widget-style-for-3338-1-0-1\" ><h3 class=\"widget-title\">Medidas de seguridad <\/h3>\r\n\t\t<p>A continuaci\u00f3n se presentan las medidas higi\u00e9nico sanitarias y de distanciamiento social para poder realizar nuestra actividad deportiva conforme a la regla minimizando el riesgo de contagio. <\/p>\n<p>Las mismas se actualizar\u00e1n en funci\u00f3n del estado del virus y las recomendaciones de las autoridades competentes en la materia. <\/p>\n\t\t <ul class='roll-list'><li> Reducci\u00f3n de aforos a 15 alumnos por clase. <\/li><li> Lavado de manos al entrar y salir del tatami <\/li><li> Uso de calcetines durante todo el entrenamiento, espec\u00edficos para entrenar <\/li><li> Al entrar y salir de la instalaci\u00f3n mantener el uso de la mascarilla. <\/li><li> Solo se podr\u00e1 prescindir de la mascarilla en interior en los ejercicios f\u00edsicos de alta intensidad, guardando siempre la distancia de seguridad 1,5 metros. <\/li><li> La entrada y la salida de las aulas se realizar\u00e1n de manera ordenada manteniendo la distancia entre alumnos de 1,5 metros. <\/li><li> Las \u00e1reas comunes ser\u00e1n desinfectadas entre cada clase <\/li><li> Se apela a la responsabilidad individual y de los progenitores para no traer a los menores en caso de presentar sintomatolog\u00eda relacionada con el covid-19 <\/li><li> En caso de dar positivo en una prueba, se deber\u00e1 informar a la direcci\u00f3n del centro para ponerlo en conocimiento del resto de usuarios (An\u00f3nimamente) <\/li><li> En caso de no hacer uso correcto de la mascarilla o de no seguir las medidas higi\u00e9nicas marcadas se considerar\u00e1 una infracci\u00f3n grave del reglamento de r\u00e9gimen interno y se podr\u00e1 expulsar al alumno\/a de la sesi\u00f3n con las consecuentes sanciones https:\/\/guerrerosgalapagar.org\/artes-marciales\/normativa-interna-guerreros\/<\/li><\/ul>\t\t\t\t\r\n\t\t<\/div><\/div><\/div><\/div><\/div><\/div>","protected":false},"excerpt":{"rendered":"<p>Comunicaci\u00f3n Federaci\u00f3n Madrile\u00f1a de Judo y D.A. 03\/08\/2020 \u00a0 Ver Completo Bolet\u00edn Oficial de la comunidad de Madrid\u00a0 \u00a0Ver Completo Resumen:1. En [&hellip;]<\/p>\n","protected":false},"author":3,"featured_media":0,"parent":0,"menu_order":0,"comment_status":"closed","ping_status":"closed","template":"","meta":{"footnotes":""},"class_list":["post-3338","page","type-page","status-publish","hentry"],"_links":{"self":[{"href":"https:\/\/guerrerosgalapagar.org\/artes-marciales\/wp-json\/wp\/v2\/pages\/3338","targetHints":{"allow":["GET"]}}],"collection":[{"href":"https:\/\/guerrerosgalapagar.org\/artes-marciales\/wp-json\/wp\/v2\/pages"}],"about":[{"href":"https:\/\/guerrerosgalapagar.org\/artes-marciales\/wp-json\/wp\/v2\/types\/page"}],"author":[{"embeddable":true,"href":"https:\/\/guerrerosgalapagar.org\/artes-marciales\/wp-json\/wp\/v2\/users\/3"}],"replies":[{"embeddable":true,"href":"https:\/\/guerrerosgalapagar.org\/artes-marciales\/wp-json\/wp\/v2\/comments?post=3338"}],"version-history":[{"count":15,"href":"https:\/\/guerrerosgalapagar.org\/artes-marciales\/wp-json\/wp\/v2\/pages\/3338\/revisions"}],"predecessor-version":[{"id":3430,"href":"https:\/\/guerrerosgalapagar.org\/artes-marciales\/wp-json\/wp\/v2\/pages\/3338\/revisions\/3430"}],"wp:attachment":[{"href":"https:\/\/guerrerosgalapagar.org\/artes-marciales\/wp-json\/wp\/v2\/media?parent=3338"}],"curies":[{"name":"wp","href":"https:\/\/api.w.org\/{rel}","templated":true}]}}