{"id":243,"date":"2017-06-30T18:09:09","date_gmt":"2017-06-30T18:09:09","guid":{"rendered":"https:\/\/guerrerosgalapagar.org\/artes-marciales\/?page_id=243"},"modified":"2021-08-19T09:24:28","modified_gmt":"2021-08-19T09:24:28","slug":"taekwondo","status":"publish","type":"page","link":"https:\/\/guerrerosgalapagar.org\/artes-marciales\/actividades\/taekwondo\/","title":{"rendered":"Taekwondo"},"content":{"rendered":"<div id=\"pl-243\"  class=\"panel-layout\" ><div id=\"pg-243-0\"  class=\"panel-grid panel-has-style\" ><div class=\"siteorigin-panels-stretch panel-row-style panel-row-style-for-243-0\" style=\"padding: 100px 0; \" data-stretch-type=\"full-stretched\" data-overlay=\"true\" data-overlay-color=\"#000000\" ><div id=\"pgc-243-0-0\"  class=\"panel-grid-cell\" ><div id=\"panel-243-0-0-0\" class=\"so-panel widget widget_sow-image panel-first-child panel-last-child\" data-index=\"0\" ><div style=\"text-align: left;\" data-title-color=\"#443f3f\" data-headings-color=\"#443f3f\" class=\"panel-widget-style panel-widget-style-for-243-0-0-0\" ><div\n\t\t\t\n\t\t\tclass=\"so-widget-sow-image so-widget-sow-image-default-dbf295114b96-243\"\n\t\t\t\n\t\t>\n<div class=\"sow-image-container\">\n\t\t<img \n\tsrc=\"https:\/\/guerrerosgalapagar.org\/artes-marciales\/wp-content\/uploads\/2017\/06\/tkd_1.jpg\" width=\"800\" height=\"566\" srcset=\"https:\/\/guerrerosgalapagar.org\/artes-marciales\/wp-content\/uploads\/2017\/06\/tkd_1.jpg 800w, https:\/\/guerrerosgalapagar.org\/artes-marciales\/wp-content\/uploads\/2017\/06\/tkd_1-600x425.jpg 600w, https:\/\/guerrerosgalapagar.org\/artes-marciales\/wp-content\/uploads\/2017\/06\/tkd_1-300x212.jpg 300w, https:\/\/guerrerosgalapagar.org\/artes-marciales\/wp-content\/uploads\/2017\/06\/tkd_1-768x543.jpg 768w, https:\/\/guerrerosgalapagar.org\/artes-marciales\/wp-content\/uploads\/2017\/06\/tkd_1-230x163.jpg 230w, https:\/\/guerrerosgalapagar.org\/artes-marciales\/wp-content\/uploads\/2017\/06\/tkd_1-350x248.jpg 350w, https:\/\/guerrerosgalapagar.org\/artes-marciales\/wp-content\/uploads\/2017\/06\/tkd_1-480x340.jpg 480w\" sizes=\"(max-width: 800px) 100vw, 800px\" title=\"Turkey&#039;s Servet Tazegul (L) kicks Britain&#039;s Martin Stamper during their men&#039;s -68kg semifinal taekwondo match at the ExCel venue during the London Olympic Games, August 9, 2012. REUTERS\/Kim Kyung-Hoon\" alt=\"\" \t\tclass=\"so-widget-image\"\/>\n\t<\/div>\n\n<\/div><\/div><\/div><\/div><div id=\"pgc-243-0-1\"  class=\"panel-grid-cell\" ><div id=\"panel-243-0-1-0\" class=\"so-panel widget widget_sow-editor panel-first-child panel-last-child\" data-index=\"1\" ><div style=\"text-align: left;\" data-title-color=\"#443f3f\" data-headings-color=\"#443f3f\" class=\"panel-widget-style panel-widget-style-for-243-0-1-0\" ><div\n\t\t\t\n\t\t\tclass=\"so-widget-sow-editor so-widget-sow-editor-base\"\n\t\t\t\n\t\t><h3 class=\"widget-title\">Origen <\/h3>\n<div class=\"siteorigin-widget-tinymce textwidget\">\n\t<div class=\"textwidget\">\n<p style=\"text-align: justify;\"><span style=\"color: #000000;\">Arte marcial de origen coreano,\u00a0la palabra \" <strong>Taekwondo<\/strong> \" podr\u00eda traducirse como \u00ab <em><strong>El camino de Pies y manos<\/strong><\/em> \u00bb,<\/span><span style=\"color: #000000;\">nombre que\u00a0<\/span><span style=\"color: #000000;\">se refiere a que es un estilo de combate que hace uso de las piernas,<\/span><span style=\"color: #000000;\">los pu\u00f1os y otras parte del cuerpo prescindiendo de las armas.<\/span><\/p>\n<p style=\"text-align: justify;\"><span style=\"color: #000000;\">El <b>taekwondo\u00a0<\/b>\u00a0es un arte marcial \u00a0de origen coreano y pasa a formar parte de los deportes ol\u00edmpicos en el a\u00f1o 1988 en las Olimpiadas de\u00a0\u00a0<strong>Se\u00fal.\u00a0<\/strong><\/span><span style=\"color: #000000;\">El <strong>taekwondo<\/strong> se caracteriza por una extensa Variedad de patadas. Se basa en artes marciales m\u00e1s antiguas como el kung fu, el taekkyonen, el karate-do japon\u00e9s.\u00a0<\/span><\/p>\n<p style=\"text-align: justify;\"><span style=\"color: #000000;\">Los beneficios de la pr\u00e1ctica continua del Taekwondo son innumerables. Muchos estudios han revelado que las personas que se ejercitan regularmente en una disciplina deportiva, a lo largo de su vida, tienen menos riesgos de obesidad, desarrollo de enfermedades cr\u00f3nicas, drogadicci\u00f3n, entre otras condiciones que afectan la salud f\u00edsica, mental y emocional. Las investigaciones realizadas en adolescentes, mostraron que la pr\u00e1ctica continua del taekwondo como arte marcial, ayuda a mejorar la salud en general, y condiciona de forma apropiada los reflejos, mejorando el tiempo de reacci\u00f3n (Fong, Shirley; N.g., Shamay; Chung, Louisa. 2013)\u00a0<\/span><\/p>\n<p>\u00a0<\/p>\n<p>\u00a0<\/p>\n<\/div>\n<\/div>\n<\/div><\/div><\/div><\/div><\/div><\/div><div id=\"pg-243-1\"  class=\"panel-grid panel-has-style\" ><div class=\"siteorigin-panels-stretch panel-row-style panel-row-style-for-243-1\" style=\"padding: 100px 0; \" data-stretch-type=\"full-stretched\" data-overlay=\"true\" data-overlay-color=\"#000000\" ><div id=\"pgc-243-1-0\"  class=\"panel-grid-cell\" ><div id=\"panel-243-1-0-0\" class=\"so-panel widget widget_sow-editor panel-first-child panel-last-child\" data-index=\"2\" ><div style=\"text-align: left;\" data-title-color=\"#443f3f\" data-headings-color=\"#443f3f\" class=\"panel-widget-style panel-widget-style-for-243-1-0-0\" ><div\n\t\t\t\n\t\t\tclass=\"so-widget-sow-editor so-widget-sow-editor-base\"\n\t\t\t\n\t\t><h3 class=\"widget-title\">Grupos<\/h3>\n<div class=\"siteorigin-widget-tinymce textwidget\">\n\t<div class=\"textwidget\">\n<ul>\n<li style=\"text-align: left;\"><span style=\"color: #333333;\"><strong>Infantil G1<\/strong>, martes y jueves de 17:00 a 18:00 horas (Monitor, <a href=\"https:\/\/guerrerosgalapagar.org\/artes-marciales\/employees\/miguel-rivas\/\">Miguel Rivas<\/a>)\u00a0<\/span><\/li>\n<li style=\"text-align: left;\"><span style=\"color: #333333;\"><strong>Juvenil G2<\/strong>, martes y jueves de 19:00 a 20:00h (Monitor, <a href=\"https:\/\/guerrerosgalapagar.org\/artes-marciales\/employees\/miguel-rivas\/\">Miguel Rivas<\/a>)\u00a0<\/span><\/li>\n<li style=\"text-align: left;\"><span style=\"color: #333333;\"><strong>Adulto G3<\/strong>, martes y jueves de 20:00 a 21:00h (Monitor, <a href=\"https:\/\/guerrerosgalapagar.org\/artes-marciales\/employees\/miguel-rivas\/\">Miguel Rivas<\/a>)\u00a0<\/span><\/li>\n<li style=\"text-align: left;\"><span style=\"color: #333333;\"><strong>Taekwondo Competici\u00f3n<\/strong>, lunes y mi\u00e9rcoles de 19:00 a 20:00h (Monitor, <a href=\"https:\/\/guerrerosgalapagar.org\/artes-marciales\/employees\/miguel-rivas\/\">Miguel Rivas<\/a>)\u00a0<\/span><\/li>\n<\/ul>\n<h1><\/h1>\n<hr \/>\n<p style=\"text-align: center;\"><span style=\"font-size: 24pt;\"><strong><a href=\"https:\/\/guerrerosgalapagar.org\/artes-marciales\/inscripcion\/\" target=\"_blank\" rel=\"noopener\">\u00a1QUIERO APUNTARME!<\/a><\/strong><\/span><\/p>\n<p style=\"text-align: center;\"><span style=\"font-size: 24pt;\"><strong><a href=\"https:\/\/guerrerosgalapagar.org\/artes-marciales\/mi-campus\/mi-campus-taekwondo\/\" target=\"_blank\" rel=\"noopener\">Campus Virtual<\/a><\/strong><\/span><\/p>\n<hr \/>\n<\/div>\n<p style=\"text-align: center;\"><a class=\"whatsapp-movil\" href=\"\/\/send\/?phone=34675034540&amp;text=Quiero%20saber%20m\u00e1s%20acerca%20del%20Taekwondo%20\" target=\"_blank\" rel=\"noopener\">Preguntar por Whatsapp movil<img loading=\"lazy\" decoding=\"async\" class=\"aligncenter size-medium wp-image-2529\" src=\"http:\/\/www.coedpi.es\/inicio\/wp-content\/uploads\/2018\/11\/Whatsapp-icono-300x300.png\" alt=\"\" width=\"24\" height=\"24\" \/><\/a><\/p>\n<p style=\"text-align: center;\"><a class=\"whatsapp-web\" href=\"https:\/\/web.whatsapp.com\/send\/?phone=34675034540&amp;text=Quiero%20saber%20m\u00e1s%20acerca%20del%20Taekwondo%20\" target=\"_blank\" rel=\"noopener\">Preguntar por Whatsapp web<img loading=\"lazy\" decoding=\"async\" class=\"aligncenter size-medium wp-image-2529\" src=\"http:\/\/www.coedpi.es\/inicio\/wp-content\/uploads\/2018\/11\/Whatsapp-icono-300x300.png\" alt=\"\" width=\"24\" height=\"24\" \/><\/a><\/p>\n<\/div>\n<\/div><\/div><\/div><\/div><div id=\"pgc-243-1-1\"  class=\"panel-grid-cell\" ><div id=\"panel-243-1-1-0\" class=\"so-panel widget widget_sow-image panel-first-child panel-last-child\" data-index=\"3\" ><div style=\"text-align: left;\" data-title-color=\"#443f3f\" data-headings-color=\"#443f3f\" class=\"panel-widget-style panel-widget-style-for-243-1-1-0\" ><div\n\t\t\t\n\t\t\tclass=\"so-widget-sow-image so-widget-sow-image-default-dbf295114b96-243\"\n\t\t\t\n\t\t>\n<div class=\"sow-image-container\">\n\t\t<img \n\tsrc=\"https:\/\/guerrerosgalapagar.org\/artes-marciales\/wp-content\/uploads\/2017\/06\/maxresdefault-1.jpg\" width=\"2116\" height=\"1411\" srcset=\"https:\/\/guerrerosgalapagar.org\/artes-marciales\/wp-content\/uploads\/2017\/06\/maxresdefault-1.jpg 2116w, https:\/\/guerrerosgalapagar.org\/artes-marciales\/wp-content\/uploads\/2017\/06\/maxresdefault-1-800x533.jpg 800w, https:\/\/guerrerosgalapagar.org\/artes-marciales\/wp-content\/uploads\/2017\/06\/maxresdefault-1-300x200.jpg 300w, https:\/\/guerrerosgalapagar.org\/artes-marciales\/wp-content\/uploads\/2017\/06\/maxresdefault-1-768x512.jpg 768w, https:\/\/guerrerosgalapagar.org\/artes-marciales\/wp-content\/uploads\/2017\/06\/maxresdefault-1-1024x683.jpg 1024w, https:\/\/guerrerosgalapagar.org\/artes-marciales\/wp-content\/uploads\/2017\/06\/maxresdefault-1-830x553.jpg 830w, https:\/\/guerrerosgalapagar.org\/artes-marciales\/wp-content\/uploads\/2017\/06\/maxresdefault-1-230x153.jpg 230w, https:\/\/guerrerosgalapagar.org\/artes-marciales\/wp-content\/uploads\/2017\/06\/maxresdefault-1-350x233.jpg 350w, https:\/\/guerrerosgalapagar.org\/artes-marciales\/wp-content\/uploads\/2017\/06\/maxresdefault-1-480x320.jpg 480w, https:\/\/guerrerosgalapagar.org\/artes-marciales\/wp-content\/uploads\/2017\/06\/maxresdefault-1-272x182.jpg 272w\" sizes=\"(max-width: 2116px) 100vw, 2116px\" title=\"maxresdefault\" alt=\"\" \t\tclass=\"so-widget-image\"\/>\n\t<\/div>\n\n<\/div><\/div><\/div><\/div><\/div><\/div><\/div>","protected":false},"excerpt":{"rendered":"<p>Arte marcial de origen coreano,\u00a0la palabra \u00bb Taekwondo \u00bb podr\u00eda traducirse como \u00ab El camino de Pies y manos \u00bb,nombre que\u00a0se refiere [&hellip;]<\/p>\n","protected":false},"author":3,"featured_media":0,"parent":6,"menu_order":0,"comment_status":"closed","ping_status":"closed","template":"page-templates\/page_fullwidth.php","meta":{"footnotes":""},"class_list":["post-243","page","type-page","status-publish","hentry"],"_links":{"self":[{"href":"https:\/\/guerrerosgalapagar.org\/artes-marciales\/wp-json\/wp\/v2\/pages\/243","targetHints":{"allow":["GET"]}}],"collection":[{"href":"https:\/\/guerrerosgalapagar.org\/artes-marciales\/wp-json\/wp\/v2\/pages"}],"about":[{"href":"https:\/\/guerrerosgalapagar.org\/artes-marciales\/wp-json\/wp\/v2\/types\/page"}],"author":[{"embeddable":true,"href":"https:\/\/guerrerosgalapagar.org\/artes-marciales\/wp-json\/wp\/v2\/users\/3"}],"replies":[{"embeddable":true,"href":"https:\/\/guerrerosgalapagar.org\/artes-marciales\/wp-json\/wp\/v2\/comments?post=243"}],"version-history":[{"count":26,"href":"https:\/\/guerrerosgalapagar.org\/artes-marciales\/wp-json\/wp\/v2\/pages\/243\/revisions"}],"predecessor-version":[{"id":4355,"href":"https:\/\/guerrerosgalapagar.org\/artes-marciales\/wp-json\/wp\/v2\/pages\/243\/revisions\/4355"}],"up":[{"embeddable":true,"href":"https:\/\/guerrerosgalapagar.org\/artes-marciales\/wp-json\/wp\/v2\/pages\/6"}],"wp:attachment":[{"href":"https:\/\/guerrerosgalapagar.org\/artes-marciales\/wp-json\/wp\/v2\/media?parent=243"}],"curies":[{"name":"wp","href":"https:\/\/api.w.org\/{rel}","templated":true}]}}