{"id":219,"date":"2017-06-30T17:57:26","date_gmt":"2017-06-30T17:57:26","guid":{"rendered":"https:\/\/guerrerosgalapagar.org\/artes-marciales\/?page_id=219"},"modified":"2025-07-30T11:24:02","modified_gmt":"2025-07-30T09:24:02","slug":"kobudo","status":"publish","type":"page","link":"https:\/\/guerrerosgalapagar.org\/artes-marciales\/actividades\/kobudo\/","title":{"rendered":"Kobudo"},"content":{"rendered":"<div id=\"pl-219\"  class=\"panel-layout\" ><div id=\"pg-219-0\"  class=\"panel-grid panel-has-style\" ><div class=\"siteorigin-panels-stretch panel-row-style panel-row-style-for-219-0\" style=\"padding: 100px 0; \" data-stretch-type=\"full-width-stretch\" data-overlay=\"true\" data-overlay-color=\"#000000\" ><div id=\"pgc-219-0-0\"  class=\"panel-grid-cell\" ><div id=\"panel-219-0-0-0\" class=\"so-panel widget widget_sow-image panel-first-child panel-last-child\" data-index=\"0\" ><div style=\"text-align: left;\" data-title-color=\"#443f3f\" data-headings-color=\"#443f3f\" class=\"panel-widget-style panel-widget-style-for-219-0-0-0\" ><div\n\t\t\t\n\t\t\tclass=\"so-widget-sow-image so-widget-sow-image-default-dbf295114b96-219\"\n\t\t\t\n\t\t>\n<div class=\"sow-image-container\">\n\t\t<img \n\tsrc=\"https:\/\/guerrerosgalapagar.org\/artes-marciales\/wp-content\/uploads\/2017\/06\/IMG_1903.jpg\" width=\"2352\" height=\"1568\" srcset=\"https:\/\/guerrerosgalapagar.org\/artes-marciales\/wp-content\/uploads\/2017\/06\/IMG_1903.jpg 2352w, https:\/\/guerrerosgalapagar.org\/artes-marciales\/wp-content\/uploads\/2017\/06\/IMG_1903-800x533.jpg 800w, https:\/\/guerrerosgalapagar.org\/artes-marciales\/wp-content\/uploads\/2017\/06\/IMG_1903-300x200.jpg 300w, https:\/\/guerrerosgalapagar.org\/artes-marciales\/wp-content\/uploads\/2017\/06\/IMG_1903-768x512.jpg 768w, https:\/\/guerrerosgalapagar.org\/artes-marciales\/wp-content\/uploads\/2017\/06\/IMG_1903-1024x683.jpg 1024w, https:\/\/guerrerosgalapagar.org\/artes-marciales\/wp-content\/uploads\/2017\/06\/IMG_1903-830x553.jpg 830w, https:\/\/guerrerosgalapagar.org\/artes-marciales\/wp-content\/uploads\/2017\/06\/IMG_1903-230x153.jpg 230w, https:\/\/guerrerosgalapagar.org\/artes-marciales\/wp-content\/uploads\/2017\/06\/IMG_1903-350x233.jpg 350w, https:\/\/guerrerosgalapagar.org\/artes-marciales\/wp-content\/uploads\/2017\/06\/IMG_1903-480x320.jpg 480w, https:\/\/guerrerosgalapagar.org\/artes-marciales\/wp-content\/uploads\/2017\/06\/IMG_1903-272x182.jpg 272w\" sizes=\"(max-width: 2352px) 100vw, 2352px\" alt=\"\" \t\tclass=\"so-widget-image\"\/>\n\t<\/div>\n\n<\/div><\/div><\/div><\/div><div id=\"pgc-219-0-1\"  class=\"panel-grid-cell\" ><div id=\"panel-219-0-1-0\" class=\"so-panel widget widget_sow-editor panel-first-child panel-last-child\" data-index=\"1\" ><div style=\"text-align: left;\" data-title-color=\"#443f3f\" data-headings-color=\"#443f3f\" class=\"panel-widget-style panel-widget-style-for-219-0-1-0\" ><div\n\t\t\t\n\t\t\tclass=\"so-widget-sow-editor so-widget-sow-editor-base\"\n\t\t\t\n\t\t><h3 class=\"widget-title\">Origen <\/h3>\n<div class=\"siteorigin-widget-tinymce textwidget\">\n\t<p>A consecuencia de una guerra civil en el Jap\u00f3n, en el a\u00f1o 1609, marca una fecha de singular importancia para Okinawa, dado que se\u00f1ala el fin de la independencia de la naci\u00f3n y el comienzo del control absoluto sobre todas las islas desde Jap\u00f3n.<\/p>\n<p>Se proclamaron numerosas disposiciones para los habitantes de las islas y, entre ellas, la prohibici\u00f3n absoluta de posesi\u00f3n y uso de toda clase de armas. Los habitantes de Okinawa no pod\u00edan tener consigo ni siquiera utensilios aptos para ser utilizados como arma. En la plaza principal de cada pueblo se colocaba un cuchillo que se supon\u00eda que era el \u00fanico existente y que estaba guardado por centinelas armados hasta los dientes. El citado cuchillo prove\u00eda a todas las necesidades dom\u00e9sticas de la comunidad. Los aldeanos de Okinawa animados por el odio al ocupante, encontraron en los simples instrumentos de la vida cotidiana como las herramientas agr\u00edcolas y de pesca las armas necesarias para defenderse.<\/p>\n<p>Hasta principios del siglo XX, el kobudo no fue considerado en la isla como arte marcial. Cada instrumento o herramienta se practicaba en secreto por diferentes pueblos, algunos de ellos eran expertos en Bo (bast\u00f3n), otros en Eku (remo) o Kama (hoz). Cada uno guardaba celosamente sus t\u00e9cnicas. Con el tiempo se tom\u00f3 la iniciativa de juntar todas las t\u00e9cnicas y los conocimientos de las armas de Okinawa.<\/p>\n<p>A diferencia de las artes marciales cl\u00e1sicas en las que se utilizaba armas convencionales como la espada, la lanza o el arco, el kobudo utiliza armas de origen campesino en su mayor\u00eda<\/p>\n<p>Las diferentes armas de kobudo eran trabajadas en distintos poblados. Los campesinos utilizaban las Tonfas, Nunchaku, Kama, etc. Los pescadores, el Eku (el remo), etc. Y cada uno guardaba sus t\u00e9cnicas en secreto. Fue a principio del siglo XX cuando dos maestros contribuyen de una manera notable en dar a conocer este arte<\/p>\n<p>Fue en las primeras d\u00e9cadas del siglo XX cuando se dio a conocer el karate y el kobudo de Okinawa en Jap\u00f3n. Pero a pesar que en las clases de karate se ense\u00f1aban una o dos armas, el kobudo segu\u00eda siendo desconocido por gran parte de los japoneses<\/p>\n<p>Los utensilios utilizados como armas son 28, de las cuales estudiaremos las m\u00e1s importantes: Bo, Sai, Tonfa, Nunchaku, Eku y Kama.<\/p>\n<\/div>\n<\/div><\/div><\/div><\/div><\/div><\/div><div id=\"pg-219-1\"  class=\"panel-grid panel-has-style\" ><div class=\"siteorigin-panels-stretch panel-row-style panel-row-style-for-219-1\" style=\"padding: 100px 0; \" data-stretch-type=\"full-width-stretch\" data-overlay=\"true\" data-overlay-color=\"#000000\" ><div id=\"pgc-219-1-0\"  class=\"panel-grid-cell\" ><div id=\"panel-219-1-0-0\" class=\"so-panel widget widget_sow-editor panel-first-child panel-last-child\" data-index=\"2\" ><div style=\"text-align: left;\" data-title-color=\"#443f3f\" data-headings-color=\"#443f3f\" class=\"panel-widget-style panel-widget-style-for-219-1-0-0\" ><div\n\t\t\t\n\t\t\tclass=\"so-widget-sow-editor so-widget-sow-editor-base\"\n\t\t\t\n\t\t><h3 class=\"widget-title\">Grupos<\/h3>\n<div class=\"siteorigin-widget-tinymce textwidget\">\n\t<div class=\"textwidget\">\n<ul>\n<li style=\"text-align: left;\"><span style=\"color: #333333;\"><strong>Adulto<\/strong>, viernes de 19:00 a 22:00 (Monitor, <a href=\"https:\/\/guerrerosgalapagar.org\/artes-marciales\/employees\/pedro-lagunas\/\">Pedro Lagunas<\/a>)\u00a0<\/span><\/li>\n<\/ul>\n<hr \/>\n<p style=\"text-align: center;\"><span style=\"font-size: 24pt;\"><a href=\"https:\/\/guerrerosgalapagar.org\/artes-marciales\/inscripcion\/\"><strong>\u00a1QUIERO APUNTARME!<\/strong><\/a><\/span><\/p>\n<hr \/>\n<\/div>\n<p style=\"text-align: center;\"><a class=\"whatsapp-movil\" href=\"whatsapp:\/\/send\/?phone=34675034540&amp;text=Quiero%20saber%20m\u00e1s%20acerca%20de%20Kobudo%20\" target=\"_blank\" rel=\"noopener\">Preguntar por Whatsapp movil<\/a><\/p>\n<p style=\"text-align: center;\">\n<\/div>\n<\/div><\/div><\/div><\/div><div id=\"pgc-219-1-1\"  class=\"panel-grid-cell\" ><div id=\"panel-219-1-1-0\" class=\"so-panel widget widget_sow-image panel-first-child panel-last-child\" data-index=\"3\" ><div style=\"text-align: left;\" data-title-color=\"#443f3f\" data-headings-color=\"#443f3f\" class=\"panel-widget-style panel-widget-style-for-219-1-1-0\" ><div\n\t\t\t\n\t\t\tclass=\"so-widget-sow-image so-widget-sow-image-default-dbf295114b96-219\"\n\t\t\t\n\t\t>\n<div class=\"sow-image-container\">\n\t\t<img \n\tsrc=\"https:\/\/guerrerosgalapagar.org\/artes-marciales\/wp-content\/uploads\/2017\/06\/Dang-014-Sai-vs-B\u00f4-xs-Dang-NGUYEN-NGOC-Oshuka\u00ef-Colombes.jpg\" width=\"655\" height=\"500\" srcset=\"https:\/\/guerrerosgalapagar.org\/artes-marciales\/wp-content\/uploads\/2017\/06\/Dang-014-Sai-vs-B\u00f4-xs-Dang-NGUYEN-NGOC-Oshuka\u00ef-Colombes.jpg 655w, https:\/\/guerrerosgalapagar.org\/artes-marciales\/wp-content\/uploads\/2017\/06\/Dang-014-Sai-vs-B\u00f4-xs-Dang-NGUYEN-NGOC-Oshuka\u00ef-Colombes-600x458.jpg 600w, https:\/\/guerrerosgalapagar.org\/artes-marciales\/wp-content\/uploads\/2017\/06\/Dang-014-Sai-vs-B\u00f4-xs-Dang-NGUYEN-NGOC-Oshuka\u00ef-Colombes-300x229.jpg 300w, https:\/\/guerrerosgalapagar.org\/artes-marciales\/wp-content\/uploads\/2017\/06\/Dang-014-Sai-vs-B\u00f4-xs-Dang-NGUYEN-NGOC-Oshuka\u00ef-Colombes-230x176.jpg 230w, https:\/\/guerrerosgalapagar.org\/artes-marciales\/wp-content\/uploads\/2017\/06\/Dang-014-Sai-vs-B\u00f4-xs-Dang-NGUYEN-NGOC-Oshuka\u00ef-Colombes-350x267.jpg 350w, https:\/\/guerrerosgalapagar.org\/artes-marciales\/wp-content\/uploads\/2017\/06\/Dang-014-Sai-vs-B\u00f4-xs-Dang-NGUYEN-NGOC-Oshuka\u00ef-Colombes-480x366.jpg 480w\" sizes=\"(max-width: 655px) 100vw, 655px\" title=\"Dang 014 &#8211; Sai vs B\u00f4 xs Dang NGUYEN NGOC &#8211; Oshuka\u00ef Colombes\" alt=\"\" \t\tclass=\"so-widget-image\"\/>\n\t<\/div>\n\n<\/div><\/div><\/div><\/div><\/div><\/div><\/div>","protected":false},"excerpt":{"rendered":"<p>A consecuencia de una guerra civil en el Jap\u00f3n, en el a\u00f1o 1609, marca una fecha de singular importancia para Okinawa, dado [&hellip;]<\/p>\n","protected":false},"author":3,"featured_media":0,"parent":6,"menu_order":0,"comment_status":"closed","ping_status":"closed","template":"page-templates\/page_fullwidth.php","meta":{"footnotes":""},"class_list":["post-219","page","type-page","status-publish","hentry"],"_links":{"self":[{"href":"https:\/\/guerrerosgalapagar.org\/artes-marciales\/wp-json\/wp\/v2\/pages\/219","targetHints":{"allow":["GET"]}}],"collection":[{"href":"https:\/\/guerrerosgalapagar.org\/artes-marciales\/wp-json\/wp\/v2\/pages"}],"about":[{"href":"https:\/\/guerrerosgalapagar.org\/artes-marciales\/wp-json\/wp\/v2\/types\/page"}],"author":[{"embeddable":true,"href":"https:\/\/guerrerosgalapagar.org\/artes-marciales\/wp-json\/wp\/v2\/users\/3"}],"replies":[{"embeddable":true,"href":"https:\/\/guerrerosgalapagar.org\/artes-marciales\/wp-json\/wp\/v2\/comments?post=219"}],"version-history":[{"count":31,"href":"https:\/\/guerrerosgalapagar.org\/artes-marciales\/wp-json\/wp\/v2\/pages\/219\/revisions"}],"predecessor-version":[{"id":7120,"href":"https:\/\/guerrerosgalapagar.org\/artes-marciales\/wp-json\/wp\/v2\/pages\/219\/revisions\/7120"}],"up":[{"embeddable":true,"href":"https:\/\/guerrerosgalapagar.org\/artes-marciales\/wp-json\/wp\/v2\/pages\/6"}],"wp:attachment":[{"href":"https:\/\/guerrerosgalapagar.org\/artes-marciales\/wp-json\/wp\/v2\/media?parent=219"}],"curies":[{"name":"wp","href":"https:\/\/api.w.org\/{rel}","templated":true}]}}