{"id":203,"date":"2017-06-30T17:49:42","date_gmt":"2017-06-30T17:49:42","guid":{"rendered":"https:\/\/guerrerosgalapagar.org\/artes-marciales\/?page_id=203"},"modified":"2025-07-30T11:22:21","modified_gmt":"2025-07-30T09:22:21","slug":"judo","status":"publish","type":"page","link":"https:\/\/guerrerosgalapagar.org\/artes-marciales\/actividades\/judo\/","title":{"rendered":"Judo"},"content":{"rendered":"<div id=\"pl-203\"  class=\"panel-layout\" ><div id=\"pg-203-0\"  class=\"panel-grid panel-has-style\" ><div class=\"siteorigin-panels-stretch panel-row-style panel-row-style-for-203-0\" style=\"padding: 100px 0; \" data-stretch-type=\"full-width-stretch\" data-overlay=\"true\" data-overlay-color=\"#000000\" ><div id=\"pgc-203-0-0\"  class=\"panel-grid-cell\" ><div id=\"panel-203-0-0-0\" class=\"so-panel widget widget_sow-image panel-first-child panel-last-child\" data-index=\"0\" ><div style=\"text-align: left;\" data-title-color=\"#443f3f\" data-headings-color=\"#443f3f\" class=\"panel-widget-style panel-widget-style-for-203-0-0-0\" ><div\n\t\t\t\n\t\t\tclass=\"so-widget-sow-image so-widget-sow-image-default-8b5b6f678277-203\"\n\t\t\t\n\t\t>\n<div class=\"sow-image-container\">\n\t\t<img \n\tsrc=\"https:\/\/guerrerosgalapagar.org\/artes-marciales\/wp-content\/uploads\/2017\/06\/maxresdefault-scaled.jpg\" width=\"2560\" height=\"1600\" srcset=\"https:\/\/guerrerosgalapagar.org\/artes-marciales\/wp-content\/uploads\/2017\/06\/maxresdefault-scaled.jpg 2560w, https:\/\/guerrerosgalapagar.org\/artes-marciales\/wp-content\/uploads\/2017\/06\/maxresdefault-scaled-800x500.jpg 800w, https:\/\/guerrerosgalapagar.org\/artes-marciales\/wp-content\/uploads\/2017\/06\/maxresdefault-300x188.jpg 300w, https:\/\/guerrerosgalapagar.org\/artes-marciales\/wp-content\/uploads\/2017\/06\/maxresdefault-768x480.jpg 768w, https:\/\/guerrerosgalapagar.org\/artes-marciales\/wp-content\/uploads\/2017\/06\/maxresdefault-1024x640.jpg 1024w, https:\/\/guerrerosgalapagar.org\/artes-marciales\/wp-content\/uploads\/2017\/06\/maxresdefault-830x519.jpg 830w, https:\/\/guerrerosgalapagar.org\/artes-marciales\/wp-content\/uploads\/2017\/06\/maxresdefault-230x144.jpg 230w, https:\/\/guerrerosgalapagar.org\/artes-marciales\/wp-content\/uploads\/2017\/06\/maxresdefault-350x219.jpg 350w, https:\/\/guerrerosgalapagar.org\/artes-marciales\/wp-content\/uploads\/2017\/06\/maxresdefault-480x300.jpg 480w\" sizes=\"(max-width: 2560px) 100vw, 2560px\" title=\"maxresdefault\" alt=\"\" \t\tclass=\"so-widget-image\"\/>\n\t<\/div>\n\n<\/div><\/div><\/div><\/div><div id=\"pgc-203-0-1\"  class=\"panel-grid-cell\" ><div id=\"panel-203-0-1-0\" class=\"so-panel widget widget_sow-editor panel-first-child panel-last-child\" data-index=\"1\" ><div style=\"text-align: left;\" data-title-color=\"#443f3f\" data-headings-color=\"#443f3f\" class=\"panel-widget-style panel-widget-style-for-203-0-1-0\" ><div\n\t\t\t\n\t\t\tclass=\"so-widget-sow-editor so-widget-sow-editor-base\"\n\t\t\t\n\t\t><h3 class=\"widget-title\">Origen <\/h3>\n<div class=\"siteorigin-widget-tinymce textwidget\">\n\t<div class=\"textwidget\">\n<p style=\"text-align: justify;\">El judo es un arte marcial y deporte de combate de origen japon\u00e9s que significa \u201cCamino hacia la flexibilidad\u201d. Actualmente el judo en su forma deportiva se ha especializado en los lanzamientos, con algunas pocas sumisiones, luxaciones y estrangulaciones.<br \/>Este arte marcial fue creado por el maestro japon\u00e9s Jigor\u014d Kan\u014d que recopil\u00f3 la esencia t\u00e9cnica y t\u00e1ctica de dos de las antiguas escuelas cl\u00e1sicas de combate cuerpo a cuerpo japon\u00e9s o Jiujitsu.<br \/>El judo es uno de los cuatro estilos principales de lucha deportiva m\u00e1s practicados hoy en d\u00eda en todo el mundo y permite una educaci\u00f3n f\u00edsica integral, potenciando por medio del conocimiento de este las posibilidades psicomotrices y de relaci\u00f3n con otras personas e introduciendo la iniciaci\u00f3n t\u00e9cnica, t\u00e1ctica y deportiva de forma adaptada, adem\u00e1s de buscar un acondicionamiento f\u00edsico general.<\/p>\n<\/div>\n<\/div>\n<\/div><\/div><\/div><\/div><\/div><\/div><div id=\"pg-203-1\"  class=\"panel-grid panel-has-style\" ><div class=\"siteorigin-panels-stretch panel-row-style panel-row-style-for-203-1\" style=\"padding: 100px 0; \" data-stretch-type=\"full-width-stretch\" data-overlay=\"true\" data-overlay-color=\"#000000\" ><div id=\"pgc-203-1-0\"  class=\"panel-grid-cell\" ><div id=\"panel-203-1-0-0\" class=\"so-panel widget widget_sow-editor panel-first-child panel-last-child\" data-index=\"2\" ><div style=\"text-align: left;\" data-title-color=\"#443f3f\" data-headings-color=\"#443f3f\" class=\"panel-widget-style panel-widget-style-for-203-1-0-0\" ><div\n\t\t\t\n\t\t\tclass=\"so-widget-sow-editor so-widget-sow-editor-base\"\n\t\t\t\n\t\t><h3 class=\"widget-title\">Grupos<\/h3>\n<div class=\"siteorigin-widget-tinymce textwidget\">\n\t<div class=\"textwidget\">\n<ul>\n<li style=\"text-align: left;\"><span style=\"color: #333333;\"><strong>Infantil G1<\/strong>, martes y jueves de 18:00 a 19:00 horas\u00a0<\/span><\/li>\n<li><strong>Infantil G2,<\/strong> martes y jueves de 19:00 a 20:00 horas<\/li>\n<\/ul>\n<hr \/>\n<p style=\"text-align: center;\"><span style=\"font-size: 24pt;\"><strong><a href=\"https:\/\/guerrerosgalapagar.org\/artes-marciales\/inscripcion\/\" target=\"_blank\" rel=\"noopener\">\u00a1QUIERO APUNTARME!<\/a><\/strong><\/span><\/p>\n<p style=\"text-align: center;\"><span style=\"font-size: 24pt;\"><strong><a href=\"https:\/\/guerrerosgalapagar.org\/artes-marciales\/mi-campus\/mi-campus-judo\/\" target=\"_blank\" rel=\"noopener\">Campus Virtual<\/a><\/strong><\/span><\/p>\n<hr \/>\n<\/div>\n<p style=\"text-align: center;\"><a class=\"whatsapp-movil\" href=\"\/\/send\/?phone=34675034540&amp;text=Quiero%20saber%20m\u00e1s%20acerca%20del%20Judo%20\" target=\"_blank\" rel=\"noopener\">Preguntar por Whatsapp movil<\/a><\/p>\n<p>&nbsp;<\/p>\n<\/div>\n<\/div><\/div><\/div><\/div><div id=\"pgc-203-1-1\"  class=\"panel-grid-cell\" ><div id=\"panel-203-1-1-0\" class=\"so-panel widget widget_sow-image panel-first-child panel-last-child\" data-index=\"3\" ><div style=\"text-align: left;\" data-title-color=\"#443f3f\" data-headings-color=\"#443f3f\" class=\"panel-widget-style panel-widget-style-for-203-1-1-0\" ><div\n\t\t\t\n\t\t\tclass=\"so-widget-sow-image so-widget-sow-image-default-8b5b6f678277-203\"\n\t\t\t\n\t\t>\n<div class=\"sow-image-container\">\n\t\t<img \n\tsrc=\"https:\/\/guerrerosgalapagar.org\/artes-marciales\/wp-content\/uploads\/2017\/06\/images-4.jpg\" width=\"200\" height=\"252\" sizes=\"(max-width: 200px) 100vw, 200px\" title=\"images (4)\" alt=\"\" \t\tclass=\"so-widget-image\"\/>\n\t<\/div>\n\n<\/div><\/div><\/div><\/div><\/div><\/div><\/div>","protected":false},"excerpt":{"rendered":"<p>El judo es un arte marcial y deporte de combate de origen japon\u00e9s que significa \u201cCamino hacia la flexibilidad\u201d. Actualmente el judo [&hellip;]<\/p>\n","protected":false},"author":3,"featured_media":0,"parent":6,"menu_order":0,"comment_status":"closed","ping_status":"closed","template":"page-templates\/page_fullwidth.php","meta":{"footnotes":""},"class_list":["post-203","page","type-page","status-publish","hentry"],"_links":{"self":[{"href":"https:\/\/guerrerosgalapagar.org\/artes-marciales\/wp-json\/wp\/v2\/pages\/203","targetHints":{"allow":["GET"]}}],"collection":[{"href":"https:\/\/guerrerosgalapagar.org\/artes-marciales\/wp-json\/wp\/v2\/pages"}],"about":[{"href":"https:\/\/guerrerosgalapagar.org\/artes-marciales\/wp-json\/wp\/v2\/types\/page"}],"author":[{"embeddable":true,"href":"https:\/\/guerrerosgalapagar.org\/artes-marciales\/wp-json\/wp\/v2\/users\/3"}],"replies":[{"embeddable":true,"href":"https:\/\/guerrerosgalapagar.org\/artes-marciales\/wp-json\/wp\/v2\/comments?post=203"}],"version-history":[{"count":20,"href":"https:\/\/guerrerosgalapagar.org\/artes-marciales\/wp-json\/wp\/v2\/pages\/203\/revisions"}],"predecessor-version":[{"id":7118,"href":"https:\/\/guerrerosgalapagar.org\/artes-marciales\/wp-json\/wp\/v2\/pages\/203\/revisions\/7118"}],"up":[{"embeddable":true,"href":"https:\/\/guerrerosgalapagar.org\/artes-marciales\/wp-json\/wp\/v2\/pages\/6"}],"wp:attachment":[{"href":"https:\/\/guerrerosgalapagar.org\/artes-marciales\/wp-json\/wp\/v2\/media?parent=203"}],"curies":[{"name":"wp","href":"https:\/\/api.w.org\/{rel}","templated":true}]}}