{"id":119,"date":"2017-06-30T13:55:16","date_gmt":"2017-06-30T13:55:16","guid":{"rendered":"https:\/\/guerrerosgalapagar.org\/artes-marciales\/?page_id=119"},"modified":"2019-06-27T06:32:18","modified_gmt":"2019-06-27T06:32:18","slug":"compromiso-anti-bullying","status":"publish","type":"page","link":"https:\/\/guerrerosgalapagar.org\/artes-marciales\/compromiso-anti-bullying\/","title":{"rendered":"Compromiso Anti Bullying"},"content":{"rendered":"<p style=\"text-align: center;\"><span style=\"font-size: 14pt;\"><strong>Mucho m\u00e1s que Artes Marciales, comprometidos contigo, comprometidos contra el acoso escolar<\/strong><\/span><\/p>\n<p><img loading=\"lazy\" decoding=\"async\" class=\"size-medium wp-image-558 aligncenter\" src=\"https:\/\/guerrerosgalapagar.org\/artes-marciales\/wp-content\/uploads\/2017\/06\/compromisoantibullinglogo-300x300.png\" alt=\"\" width=\"300\" height=\"300\" srcset=\"https:\/\/guerrerosgalapagar.org\/artes-marciales\/wp-content\/uploads\/2017\/06\/compromisoantibullinglogo-300x300.png 300w, https:\/\/guerrerosgalapagar.org\/artes-marciales\/wp-content\/uploads\/2017\/06\/compromisoantibullinglogo-420x420.png 420w, https:\/\/guerrerosgalapagar.org\/artes-marciales\/wp-content\/uploads\/2017\/06\/compromisoantibullinglogo-100x100.png 100w, https:\/\/guerrerosgalapagar.org\/artes-marciales\/wp-content\/uploads\/2017\/06\/compromisoantibullinglogo-800x800.png 800w, https:\/\/guerrerosgalapagar.org\/artes-marciales\/wp-content\/uploads\/2017\/06\/compromisoantibullinglogo-150x150.png 150w, https:\/\/guerrerosgalapagar.org\/artes-marciales\/wp-content\/uploads\/2017\/06\/compromisoantibullinglogo-768x768.png 768w, https:\/\/guerrerosgalapagar.org\/artes-marciales\/wp-content\/uploads\/2017\/06\/compromisoantibullinglogo-1024x1024.png 1024w, https:\/\/guerrerosgalapagar.org\/artes-marciales\/wp-content\/uploads\/2017\/06\/compromisoantibullinglogo-830x830.png 830w, https:\/\/guerrerosgalapagar.org\/artes-marciales\/wp-content\/uploads\/2017\/06\/compromisoantibullinglogo-230x230.png 230w, https:\/\/guerrerosgalapagar.org\/artes-marciales\/wp-content\/uploads\/2017\/06\/compromisoantibullinglogo-350x350.png 350w, https:\/\/guerrerosgalapagar.org\/artes-marciales\/wp-content\/uploads\/2017\/06\/compromisoantibullinglogo-480x480.png 480w\" sizes=\"auto, (max-width: 300px) 100vw, 300px\" \/><\/p>\n<p style=\"text-align: center;\"><span style=\"color: #333399;\"><strong>\u00bf<span style=\"font-size: 18pt;\">Q<\/span>u\u00e9 es Bullying?<\/strong> <\/span><\/p>\n<p style=\"text-align: center;\"><span style=\"color: #000000;\">Bullying es una palabra alemana que significa acoso.<\/span><\/p>\n<p><span style=\"color: #000000;\">Diferencias entre Agresi\u00f3n y Bullying<\/span><\/p>\n<ul>\n<li><span style=\"color: #000000;\">La agresi\u00f3n es eventual, el agresor puede ser cualquiera<\/span><\/li>\n<li><span style=\"color: #000000;\">El bullying son agresiones continuas por parte de varias personas siempre las mismas.<\/span><\/li>\n<\/ul>\n<p><span style=\"color: #333399;\"><strong><span style=\"font-size: 18pt;\">I<\/span>ndicativos de Bullying:\u00a0<\/strong><\/span><\/p>\n<p><span style=\"color: #000000;\">El hecho de que detecte en su hijo una o varias de estas cosas no significa que sufra bullying, solo son indicativos. Pero le servir\u00e1n para hablar con \u00e9l sobre los porqu\u00e9s de su comportamiento, y podr\u00e1 ayudarle desde el principio ante cualquier cosa que le suceda.<\/span><\/p>\n<ul style=\"list-style-type: circle;\">\n<li><span style=\"color: #000000;\"><strong>Verbal:<\/strong> conductas agresivas sobre todo hacia los m\u00e1s d\u00e9biles, y conductas autol\u00edticas. Uso de palabras que no se suelen usar en casa.<\/span><\/li>\n<li><span style=\"color: #000000;\"><strong>Social:<\/strong> autoexclusi\u00f3n, auto-marginarse, sentarse solo alejado de los dem\u00e1s, no acercarse a otros. No querer salir de casa. No querer celebrar el cumplea\u00f1os.<\/span><\/li>\n<li><span style=\"color: #000000;\"><strong>Psicol\u00f3gico:<\/strong> dice perder cualquier cosa que lleva al colegio (le roban y no quiere inculpar a nadie) o directamente regala sus pertenencias para obtener amigos. Acepta los castigos sin rechistar, ni rebelarse, ni negociarlos por otros m\u00e1s favorables.<\/span><\/li>\n<li><span style=\"color: #000000;\"><strong>Sexual:<\/strong> asco a todo lo relacionado con el sexo y la sexualidad, no querer pasar por pasillos del supermercado d\u00f3nde hay ropa interior, se aparta de televisi\u00f3n cuando aparecen escenas rom\u00e1nticas o cercanas a lo sexual. Desconfianza extrema hacia personas de un g\u00e9nero determinado (hombre o mujer)<\/span><\/li>\n<li><span style=\"color: #000000;\"><strong>F\u00edsico:<\/strong> moratones, ropa o material escolar roto con frecuencia, miedo y posturas corporales defensivas ante gritos (rega\u00f1inas) como voltearse o ponerse en cuclillas con las manos sobre la cabeza, cuando en realidad son simples gritos correctivos de los padres a modo de rega\u00f1ina sin intenci\u00f3n de pegarle.<\/span><\/li>\n<li><span style=\"color: #000000;\"><strong>Cibern\u00e9tico: i<\/strong>ndiferencia, desapego incluso odio hacia cualquier elemento tecnol\u00f3gico (ordenadores, tabletas, m\u00f3viles).<\/span><\/li>\n<\/ul>\n<p><span style=\"color: #000000;\"><span style=\"color: #333399;\"><strong><span style=\"font-size: 18pt;\">T<\/span>ipos de Agresiones.<\/strong><\/span> Se considera agresi\u00f3n todo aquello que puede hacer que nos sintamos mal.<\/span><\/p>\n<ul>\n<li><span style=\"color: #000000;\"><strong>Verbales:<\/strong> insultos constantes sobre su f\u00edsico, apodos y motes peyorativos<\/span><br \/>\n<span style=\"color: #000000;\"> Sociales o Exclusivas: aislamiento y marginaci\u00f3n del agredido por parte del grupo. Vac\u00edo social.<\/span><\/li>\n<li><span style=\"color: #000000;\"><strong>Psicol\u00f3gicas:<\/strong> considerar al agredido el sirviente del grupo el cual siempre hace ordenado por los dem\u00e1s las cosas \u00abmalas\u00bb que el grupo pide y sobre el que recaen todas las culpas y castigos por haber sido el autor.<\/span><\/li>\n<li><span style=\"color: #000000;\"><strong>Sexuales:<\/strong> la v\u00edctima es objeto de comentarios desagradables sobre sus inclinaciones sexuales o la grandeza o peque\u00f1ez de sus atributos, hasta llegar a sufrir tocamientos no autorizados, exhibici\u00f3n forzosa de sus partes \u00edntimas incluso violaci\u00f3n sexual.<\/span><\/li>\n<li><span style=\"color: #000000;\"><strong>F\u00edsicas:<\/strong> desde robar o destruir material o ropa de la v\u00edctima, pasando por collejas y zancadillas para acabar con verdaderas palizas grupales contra uno.<\/span><\/li>\n<li><span style=\"color: #000000;\"><strong>Cibern\u00e9ticas:<\/strong> cualquiera de las anteriores o la suma de varias grabada y exhibida a trav\u00e9s de medios electr\u00f3nicos, redes sociales, canales de mensajer\u00eda principalmente.<\/span><\/li>\n<\/ul>\n<p><span style=\"color: #333399;\"><strong><span style=\"font-size: 18pt;\">R<\/span>ecomendaciones para cada tipo de acoso Verbal<\/strong>:<\/span><\/p>\n<p><span style=\"color: #000000;\">Trabajar la autoestima y confianza en uno mismo Social: Descubrir las aficiones del ni\u00f1o y meterle en un grupo con otras personas d\u00f3nde hagan y trabajen sobre aquello que le gusta (m\u00fasica, deporte, artes pl\u00e1sticas, naturaleza, religi\u00f3n y filosof\u00eda, rob\u00f3tica, etc.) si tu hijo es el raro por ser como es, incorporarle a un grupo d\u00f3nde sea uno m\u00e1s, completamente normal.<\/span><\/p>\n<ul>\n<li><span style=\"color: #000000;\"><strong>Psicol\u00f3gico:<\/strong> tratar de incorporarle en otros grupos de amigos d\u00f3nde pueda establecer relaciones de igualdad y no de sumisi\u00f3n y servidumbre Sexual: Nadie deber\u00eda tocarnos nunca lo que cubre el ba\u00f1ador. Acudir a un profesional<\/span><\/li>\n<li><span style=\"color: #000000;\"><strong>F\u00edsico:<\/strong> Clases deportivas, especialmente artes marciales o defensa personal aportar\u00e1n al menor la confianza en s\u00ed mismo suficiente para que los observadores decidan volver a meterse con \u00e9l o no.<\/span><\/li>\n<li><span style=\"color: #000000;\"><strong>Cibern\u00e9tico:<\/strong> igual que acompa\u00f1amos a nuestros hijos cuando son peque\u00f1os al parque y les damos algunas indicaciones (no acompa\u00f1ar a extra\u00f1os ni aceptar regalos suyos), es importante acompa\u00f1ar a nuestro hijo en internet y telefon\u00eda m\u00f3vil, supervisando sus mensajes (al menos hasta que sepa valerse por si mismo en ese entorno desconocido), y orientarle sobre lo que debe y no debe hacer, y c\u00f3mo salir de distintas situaciones (canales de denuncia, etc.)<\/span><\/li>\n<\/ul>\n<p><span style=\"color: #333399;\"><strong><span style=\"font-size: 18pt;\">A<\/span>rtes Marciales &amp; Acoso Escolar <\/strong><\/span><\/p>\n<p><span style=\"color: #000000;\">En cualquier barrio podemos encontrar a dos vecinos, a uno al que atracan y rallan el coche tres veces al a\u00f1o, y otro al que en 15 a\u00f1os en la vida ha tenido ning\u00fan conflicto. Igual que los leones siempre van a por la gacela m\u00e1s d\u00e9bil, los abusones suelen escoger al individuo m\u00e1s d\u00e9bil de una clase como objeto de sus burlas y mofas, lo cual en alg\u00fan momento corre el riesgo de convertirse en algo m\u00e1s. Las artes marciales est\u00e1n pensadas desde su origen para evitar esto: correcci\u00f3n postural para que haya una comunicaci\u00f3n exterior de fortaleza y eliminar con la propia imagen muchas posibilidades de ser objeto de agresiones o acoso.<\/span><\/p>\n<p><span style=\"color: #000000;\">Por otro lado, la superaci\u00f3n progresiva de tareas cada vez m\u00e1s complicadas (caer, saltar, golpear m\u00e1s r\u00e1pido o soltarme r\u00e1pidamente de cualquier tipo de agarre por ejemplo), aporta al ni\u00f1o un autoconcepto positivo, mucha seguridad en s\u00ed mismo, y autoconfianza.<\/span><\/p>\n<p><span style=\"color: #000000;\">Pero adem\u00e1s, en artes marciales todo va reglado, desde descalzarse y saludar antes de entrar al tatami, hasta cuidar del compa\u00f1ero y hacer lo posible por no da\u00f1arle durante el entrenamiento, obliga al ni\u00f1o en todo momento a ser consciente de la fuerza que est\u00e1 empleando, y controlarla para no herir ni da\u00f1ar a nadie.<\/span><\/p>\n<p><span style=\"color: #000000;\">Por \u00faltimo el hecho de tener un sistema de cinturones de colores, fomenta ayuda mutua, los cinturones m\u00e1s altos del aula ayudan a los cinturones m\u00e1s bajos lo cual fuerza a crear mucho compa\u00f1erismo entre los menores, el a\u00f1o siguiente, cuando el ni\u00f1o adquiere un nuevo cintur\u00f3n, est\u00e1 obligado a ayudar a los m\u00e1s nuevos, aunque tengan un o dos a\u00f1os m\u00e1s que \u00e9l, situ\u00e1ndose por delante de un mayor, y teniendo la responsabilidad de ense\u00f1arle y ayudarle, lo cual suele ser un chute de autoestima tremendo, para el menor que en otro \u00e1mbito lo est\u00e1 pasando mal por ser el elemento inferior del grupo.<\/span><\/p>\n<p>Enric Navarro (2017). Experto en Bullying<\/p>\n<p><iframe loading=\"lazy\" src=\"\/\/www.youtube.com\/embed\/hOGdhyVqzI8\" width=\"560\" height=\"314\" allowfullscreen=\"allowfullscreen\"><\/iframe><\/p>\n","protected":false},"excerpt":{"rendered":"<p>Mucho m\u00e1s que Artes Marciales, comprometidos contigo, comprometidos contra el acoso escolar \u00bfQu\u00e9 es Bullying? Bullying es una palabra alemana que significa [&hellip;]<\/p>\n","protected":false},"author":3,"featured_media":0,"parent":0,"menu_order":0,"comment_status":"closed","ping_status":"closed","template":"","meta":{"footnotes":""},"class_list":["post-119","page","type-page","status-publish","hentry"],"_links":{"self":[{"href":"https:\/\/guerrerosgalapagar.org\/artes-marciales\/wp-json\/wp\/v2\/pages\/119","targetHints":{"allow":["GET"]}}],"collection":[{"href":"https:\/\/guerrerosgalapagar.org\/artes-marciales\/wp-json\/wp\/v2\/pages"}],"about":[{"href":"https:\/\/guerrerosgalapagar.org\/artes-marciales\/wp-json\/wp\/v2\/types\/page"}],"author":[{"embeddable":true,"href":"https:\/\/guerrerosgalapagar.org\/artes-marciales\/wp-json\/wp\/v2\/users\/3"}],"replies":[{"embeddable":true,"href":"https:\/\/guerrerosgalapagar.org\/artes-marciales\/wp-json\/wp\/v2\/comments?post=119"}],"version-history":[{"count":6,"href":"https:\/\/guerrerosgalapagar.org\/artes-marciales\/wp-json\/wp\/v2\/pages\/119\/revisions"}],"predecessor-version":[{"id":2572,"href":"https:\/\/guerrerosgalapagar.org\/artes-marciales\/wp-json\/wp\/v2\/pages\/119\/revisions\/2572"}],"wp:attachment":[{"href":"https:\/\/guerrerosgalapagar.org\/artes-marciales\/wp-json\/wp\/v2\/media?parent=119"}],"curies":[{"name":"wp","href":"https:\/\/api.w.org\/{rel}","templated":true}]}}